

{"id":15215,"date":"2025-09-22T16:29:53","date_gmt":"2025-09-22T20:29:53","guid":{"rendered":"https:\/\/stage.campbellsfoodservice.ca\/?page_id=15215"},"modified":"2026-04-20T17:30:24","modified_gmt":"2026-04-20T21:30:24","slug":"home","status":"publish","type":"page","link":"https:\/\/stage.campbellsfoodservice.ca\/fr\/","title":{"rendered":"Home"},"content":{"rendered":"\n<div class=\"wp-block-group alignfull has-global-padding is-layout-constrained wp-container-core-group-is-layout-854e469c wp-block-group-is-layout-constrained\" style=\"margin-top:0;margin-bottom:0;padding-right:0;padding-left:0\"><div class=\"banner\">\n            \n\n<div class=\"wp-block-group foreground is-layout-flow wp-block-group-is-layout-flow\">\n<h1 class=\"wp-block-heading\">Campbell\u2019s<br>Service Alimentaire<\/h1>\n\n\n\n<p>Votre partenaire pour nourrir et combler votre client\u00e8le.<\/p>\n<\/div>\n\n\n\n<div class=\"wp-block-group background_contents is-nowrap is-layout-flex wp-container-core-group-is-layout-6c531013 wp-block-group-is-layout-flex\"><div class=\"featuredImage\"><img decoding=\"async\"  alt=\"Home\" title=\"Home\" src=\"https:\/\/campbells.widen.net\/content\/vdwig3lfog\/jpeg\/Shepherds-Pie.jpg?w=1024\" style=\"object-position: 50% 50%; transform-origin: 50% 50%; transform:scale(100%);\" \/><\/div>\n\n\n<div class=\"image\" style=\"overflow:hidden\"><img decoding=\"async\" style=\"transform:scale(100%);object-position:50% 50%;transform-origin:50% 50%\" alt=\"Home image\" title=\"Home image\" width=\"100%\" src=\"https:\/\/campbells.widen.net\/content\/mkejycfnqz\/original\/27964-Verve-Bombay-Style-Butter-Chicken-angled.jpg\"\/><div>Home image<\/div><\/div>\n<\/div>\n\n<\/div>\n        <\/div>\n\n\n\n<div class=\"wp-block-group alignfull has-global-padding is-layout-constrained wp-container-core-group-is-layout-28119221 wp-block-group-is-layout-constrained\" style=\"margin-top:0;margin-bottom:0;padding-top:var(--wp--preset--spacing--80);padding-right:0;padding-bottom:var(--wp--preset--spacing--70);padding-left:0\"><div class=\"post-list home_page_carousel  carousel\">\n        <div class=\"posts\">\n\n<div class=\"wp-block-group has-global-padding is-layout-constrained wp-block-group-is-layout-constrained\"><span class=\"page-link simple\">\n        <a class=\"post_link\" >\n            <div class=\"featuredImage\"><img decoding=\"async\"  alt=\"Soyez audacieux des recettes de bols-repas\" title=\"Soyez audacieux des recettes de bols-repas\" src=\"https:\/\/campbells.widen.net\/content\/3qrez6b3og\/jpeg\/Grab-n-Go-Chicken-Sausage-Breakfast-Bites.jpg?crop=true&#038;w=600\" style=\"object-position: 50% 75%; transform-origin: 50% 75%; transform:scale(105%);\" \/><\/div>            <h4>Promotion<\/h4>\n                                        <h3>Soyez audacieux des recettes de bols-repas<\/h3>\n                \n                <p>Plus de 50 recettes polyvalentes pour des menus percutants. Con\u00e7u pour r\u00e9duire le gaspillage, gagner du temps et optimiser l\u2019utilisation des ingr\u00e9dients.\n<\/p>\n                <span class=\"more\">\n                <span class=\"learn_more\">Savoir plus<\/span>    \n                <\/span>\n            <\/a>\n    <\/span>\n        \n\n<span class=\"products-link simple\">\n        <a class=\"post_link\" >\n            <div class=\"featuredImage\"><img decoding=\"async\"  alt=\"Sauce au cari vert\" title=\"Sauce au cari vert\" src=\"https:\/\/campbells.widen.net\/content\/qcsuulhwao\/jpeg\/28877-Campbells-Green-Curry-Sauce.jpg?crop=true&#038;w=600\" \/><\/div>            <h4>Produit<\/h4>\n                                        <h3>Sauce au cari vert<\/h3>\n                \n                <p>Cette intense sauce au cari vert \u00e0 la tha\u00ee rehaussera \u00e0 la perfection crevettes,volaille ou tofu. Elle offre le contraste de saveurs sucr\u00e9es et \u00e9pic\u00e9es avec une combinaisonde lait de coco, de p\u00e2te de cari vert, de jalape\u00f1os piquants, de coriandre, d\u2019\u00e9chalotes etd\u2019ail.<\/p>\n                <span class=\"more\">\n                <span class=\"learn_more\">Savoir plus<\/span>    \n                <\/span>\n            <\/a>\n    <\/span>\n        \n\n<span class=\"products-link simple\">\n        <a class=\"post_link\" >\n            <div class=\"featuredImage\"><img decoding=\"async\"  alt=\"VerveMD Soupe au poulet nachos \u00e9pic\u00e9\" title=\"VerveMD Soupe au poulet nachos \u00e9pic\u00e9\" src=\"https:\/\/campbells.widen.net\/content\/ghlaugkwr6\/jpeg\/29314-Verve-Spicy-Chicken-Nacho-Soup.jpg?crop=true&#038;w=600\" style=\"object-position: 45% 60%; transform-origin: 45% 60%; transform:scale(140%);\" \/><\/div>            <h4>Produit<\/h4>\n                                        <h3><em>Verve<\/em><sup>MD<\/sup> Soupe au poulet nachos \u00e9pic\u00e9<\/h3>\n                \n                <p>D\u00e9couvrez des saveurs audacieuses inspir\u00e9es des nachos dans une soupe cr\u00e9meuse, fabriqu\u00e9e de mani\u00e8re authentique avec du poulet tendre, du ma\u00efs sucr\u00e9, des jalapenos piquants, des poivrons color\u00e9s, des haricots noirs assaisonn\u00e9s et juste ce qu\u2019il faut d\u2019\u00e9pices. Chaque cuill\u00e9r\u00e9e est satisfaisante et all\u00e9chante.<\/p>\n                <span class=\"more\">\n                <span class=\"learn_more\">Savoir plus<\/span>    \n                <\/span>\n            <\/a>\n    <\/span>\n        \n\n<span class=\"recipes-link simple\">\n        <a class=\"post_link\" >\n            <div class=\"featuredImage\"><img decoding=\"async\"  alt=\"Soupe \u00e0 la lasagne cuite au four\" title=\"Soupe \u00e0 la lasagne cuite au four\" src=\"https:\/\/campbells.widen.net\/content\/qxkosoy9s7\/jpeg\/Baked-Lasagna-Soup.jpg?crop=true&#038;w=600\" \/><\/div>            <h4>Recette<\/h4>\n                                        <h3>Soupe \u00e0 la lasagne cuite au four<\/h3>\n                \n                <p>Toutes les saveurs r\u00e9confortantes de la lasagne classique dans une soupe riche \u00e0 base de tomate, avec p\u00e2tes et fromage.<\/p>\n                <span class=\"more\">\n                <span class=\"learn_more\">Savoir plus<\/span>    \n                <\/span>\n            <\/a>\n    <\/span>\n        <\/div>\n\n<\/div>\n        <\/div>\n        <\/div>\n\n\n\n<div class=\"wp-block-group alignfull has-accent-3-background-color has-background has-global-padding is-layout-constrained wp-block-group-is-layout-constrained\" style=\"padding-top:var(--wp--preset--spacing--60);padding-bottom:var(--wp--preset--spacing--60)\">\n<h2 class=\"wp-block-heading has-text-align-center\">L\u2019excellence en mati\u00e8re de saveur et de restauration.<\/h2>\n\n\n\n<div class=\"wp-block-group has-global-padding is-layout-constrained wp-container-core-group-is-layout-8a400663 wp-block-group-is-layout-constrained\">\n<p class=\"has-text-align-center\" style=\"padding-right:15%;padding-left:15%\">Notre portefeuille comprend certaines des marques les plus connues et les plus aim\u00e9es dans le monde, comme <em>Campbell\u2019s<\/em><sup>MD<\/sup>, <em>Pace<\/em><sup>MD<\/sup>, <em>V8<\/em><sup>MD<\/sup> et <em>Pepperidge Farm<\/em><sup>MD<\/sup>. Si vous cherchez l&rsquo;excellence dans la saveur et la restauration, vous \u00eates au bon endroit.<\/p>\n<\/div>\n\n\n\n<div class=\"wp-block-buttons is-content-justification-center is-layout-flex wp-container-core-buttons-is-layout-a0b6acf0 wp-block-buttons-is-layout-flex\" style=\"margin-top:var(--wp--preset--spacing--40);margin-bottom:var(--wp--preset--spacing--60)\">\n<div class=\"wp-block-button\"><a class=\"wp-block-button__link wp-element-button\" href=\"https:\/\/stage.campbellsfoodservice.ca\/fr\/marques-et-produits\/\">Marques et produits<\/a><\/div>\n<\/div>\n\n\n<div class=\"brands\">\n        <a class=\"brand\" ><img loading=\"lazy\" decoding=\"async\" width=\"1080\" height=\"444\" src=\"https:\/\/stage.campbellsfoodservice.ca\/wp-content\/uploads\/2025\/11\/Cambpells-soupes-classique.png\" class=\"attachment-full size-full\" alt=\"Soupes Classique\" title=\"Soupes Classique\" srcset=\"https:\/\/stage.campbellsfoodservice.ca\/wp-content\/uploads\/2025\/11\/Cambpells-soupes-classique.png 1080w, https:\/\/stage.campbellsfoodservice.ca\/wp-content\/uploads\/2025\/11\/Cambpells-soupes-classique-600x247.png 600w, https:\/\/stage.campbellsfoodservice.ca\/wp-content\/uploads\/2025\/11\/Cambpells-soupes-classique-1024x421.png 1024w, https:\/\/stage.campbellsfoodservice.ca\/wp-content\/uploads\/2025\/11\/Cambpells-soupes-classique-768x316.png 768w\" sizes=\"auto, (max-width: 1080px) 100vw, 1080px\" \/><\/a><a class=\"brand\" ><img loading=\"lazy\" decoding=\"async\" width=\"1080\" height=\"444\" src=\"https:\/\/stage.campbellsfoodservice.ca\/wp-content\/uploads\/2025\/11\/Campbells-soupes-signature.png\" class=\"attachment-full size-full\" alt=\"Soupes Signature\" title=\"Soupes Signature\" srcset=\"https:\/\/stage.campbellsfoodservice.ca\/wp-content\/uploads\/2025\/11\/Campbells-soupes-signature.png 1080w, https:\/\/stage.campbellsfoodservice.ca\/wp-content\/uploads\/2025\/11\/Campbells-soupes-signature-600x247.png 600w, https:\/\/stage.campbellsfoodservice.ca\/wp-content\/uploads\/2025\/11\/Campbells-soupes-signature-1024x421.png 1024w, https:\/\/stage.campbellsfoodservice.ca\/wp-content\/uploads\/2025\/11\/Campbells-soupes-signature-768x316.png 768w\" sizes=\"auto, (max-width: 1080px) 100vw, 1080px\" \/><\/a><a class=\"brand\" ><img loading=\"lazy\" decoding=\"async\" width=\"1080\" height=\"444\" src=\"https:\/\/stage.campbellsfoodservice.ca\/wp-content\/uploads\/2025\/11\/Campbells-soupes-verve.png\" class=\"attachment-full size-full\" alt=\"Soupes Verve\" title=\"Soupes Verve\" srcset=\"https:\/\/stage.campbellsfoodservice.ca\/wp-content\/uploads\/2025\/11\/Campbells-soupes-verve.png 1080w, https:\/\/stage.campbellsfoodservice.ca\/wp-content\/uploads\/2025\/11\/Campbells-soupes-verve-600x247.png 600w, https:\/\/stage.campbellsfoodservice.ca\/wp-content\/uploads\/2025\/11\/Campbells-soupes-verve-1024x421.png 1024w, https:\/\/stage.campbellsfoodservice.ca\/wp-content\/uploads\/2025\/11\/Campbells-soupes-verve-768x316.png 768w\" sizes=\"auto, (max-width: 1080px) 100vw, 1080px\" \/><\/a><a class=\"brand\" ><img loading=\"lazy\" decoding=\"async\" width=\"1080\" height=\"408\" src=\"https:\/\/stage.campbellsfoodservice.ca\/wp-content\/uploads\/2025\/11\/Cambpells-manger-intelligemment-soupes.png\" class=\"attachment-full size-full\" alt=\"Soupes Manger Intelligemment\" title=\"Soupes Manger Intelligemment\" srcset=\"https:\/\/stage.campbellsfoodservice.ca\/wp-content\/uploads\/2025\/11\/Cambpells-manger-intelligemment-soupes.png 1080w, https:\/\/stage.campbellsfoodservice.ca\/wp-content\/uploads\/2025\/11\/Cambpells-manger-intelligemment-soupes-600x227.png 600w, https:\/\/stage.campbellsfoodservice.ca\/wp-content\/uploads\/2025\/11\/Cambpells-manger-intelligemment-soupes-1024x387.png 1024w, https:\/\/stage.campbellsfoodservice.ca\/wp-content\/uploads\/2025\/11\/Cambpells-manger-intelligemment-soupes-768x290.png 768w\" sizes=\"auto, (max-width: 1080px) 100vw, 1080px\" \/><\/a><a class=\"brand\" ><img loading=\"lazy\" decoding=\"async\" width=\"1080\" height=\"444\" src=\"https:\/\/stage.campbellsfoodservice.ca\/wp-content\/uploads\/2025\/11\/Cambpells-sauces-surgelees.png\" class=\"attachment-full size-full\" alt=\"Sauces surgel\u00e9es\" title=\"Sauces surgel\u00e9es\" srcset=\"https:\/\/stage.campbellsfoodservice.ca\/wp-content\/uploads\/2025\/11\/Cambpells-sauces-surgelees.png 1080w, https:\/\/stage.campbellsfoodservice.ca\/wp-content\/uploads\/2025\/11\/Cambpells-sauces-surgelees-600x247.png 600w, https:\/\/stage.campbellsfoodservice.ca\/wp-content\/uploads\/2025\/11\/Cambpells-sauces-surgelees-1024x421.png 1024w, https:\/\/stage.campbellsfoodservice.ca\/wp-content\/uploads\/2025\/11\/Cambpells-sauces-surgelees-768x316.png 768w\" sizes=\"auto, (max-width: 1080px) 100vw, 1080px\" \/><\/a><a class=\"brand\" ><img loading=\"lazy\" decoding=\"async\" width=\"820\" height=\"422\" src=\"https:\/\/stage.campbellsfoodservice.ca\/wp-content\/uploads\/2026\/02\/Pretzel-Crisps-logo.png\" class=\"attachment-full size-full\" alt=\"Pretzel Crisps\u00ae de Snack Factory\u00ae\" title=\"Pretzel Crisps\u00ae de Snack Factory\u00ae\" srcset=\"https:\/\/stage.campbellsfoodservice.ca\/wp-content\/uploads\/2026\/02\/Pretzel-Crisps-logo.png 820w, https:\/\/stage.campbellsfoodservice.ca\/wp-content\/uploads\/2026\/02\/Pretzel-Crisps-logo-600x309.png 600w, https:\/\/stage.campbellsfoodservice.ca\/wp-content\/uploads\/2026\/02\/Pretzel-Crisps-logo-768x395.png 768w\" sizes=\"auto, (max-width: 820px) 100vw, 820px\" \/><\/a><a class=\"brand\" ><img loading=\"lazy\" decoding=\"async\" width=\"1080\" height=\"444\" src=\"https:\/\/stage.campbellsfoodservice.ca\/wp-content\/uploads\/2025\/11\/Campbells-plats-cuisines-surgeles.png\" class=\"attachment-full size-full\" alt=\"Plats cuisin\u00e9s surgel\u00e9s\" title=\"Plats cuisin\u00e9s surgel\u00e9s\" srcset=\"https:\/\/stage.campbellsfoodservice.ca\/wp-content\/uploads\/2025\/11\/Campbells-plats-cuisines-surgeles.png 1080w, https:\/\/stage.campbellsfoodservice.ca\/wp-content\/uploads\/2025\/11\/Campbells-plats-cuisines-surgeles-600x247.png 600w, https:\/\/stage.campbellsfoodservice.ca\/wp-content\/uploads\/2025\/11\/Campbells-plats-cuisines-surgeles-1024x421.png 1024w, https:\/\/stage.campbellsfoodservice.ca\/wp-content\/uploads\/2025\/11\/Campbells-plats-cuisines-surgeles-768x316.png 768w\" sizes=\"auto, (max-width: 1080px) 100vw, 1080px\" \/><\/a><a class=\"brand\" ><img loading=\"lazy\" decoding=\"async\" width=\"728\" height=\"400\" src=\"https:\/\/stage.campbellsfoodservice.ca\/wp-content\/uploads\/2025\/07\/Kettle-Brand.png\" class=\"attachment-full size-full\" alt=\"Croustilles Kettle BrandMD\" title=\"Croustilles Kettle BrandMD\" srcset=\"https:\/\/stage.campbellsfoodservice.ca\/wp-content\/uploads\/2025\/07\/Kettle-Brand.png 728w, https:\/\/stage.campbellsfoodservice.ca\/wp-content\/uploads\/2025\/07\/Kettle-Brand-300x165.png 300w\" sizes=\"auto, (max-width: 728px) 100vw, 728px\" \/><\/a><a class=\"brand\" ><img loading=\"lazy\" decoding=\"async\" width=\"840\" height=\"480\" src=\"https:\/\/stage.campbellsfoodservice.ca\/wp-content\/uploads\/2025\/07\/Pace.png\" class=\"attachment-full size-full\" alt=\"Salsa Pace\" title=\"Salsa Pace\" srcset=\"https:\/\/stage.campbellsfoodservice.ca\/wp-content\/uploads\/2025\/07\/Pace.png 840w, https:\/\/stage.campbellsfoodservice.ca\/wp-content\/uploads\/2025\/07\/Pace-300x171.png 300w, https:\/\/stage.campbellsfoodservice.ca\/wp-content\/uploads\/2025\/07\/Pace-768x439.png 768w\" sizes=\"auto, (max-width: 840px) 100vw, 840px\" \/><\/a><a class=\"brand\" ><img loading=\"lazy\" decoding=\"async\" width=\"840\" height=\"561\" src=\"https:\/\/stage.campbellsfoodservice.ca\/wp-content\/uploads\/2026\/02\/Pacific-Foods-Barista-Series-1.png\" class=\"attachment-full size-full\" alt=\"Pacific Foods\u00ae Barista Series\" title=\"Pacific Foods\u00ae Barista Series\" srcset=\"https:\/\/stage.campbellsfoodservice.ca\/wp-content\/uploads\/2026\/02\/Pacific-Foods-Barista-Series-1.png 840w, https:\/\/stage.campbellsfoodservice.ca\/wp-content\/uploads\/2026\/02\/Pacific-Foods-Barista-Series-1-600x401.png 600w, https:\/\/stage.campbellsfoodservice.ca\/wp-content\/uploads\/2026\/02\/Pacific-Foods-Barista-Series-1-768x513.png 768w\" sizes=\"auto, (max-width: 840px) 100vw, 840px\" \/><\/a><a class=\"brand\" ><img loading=\"lazy\" decoding=\"async\" width=\"600\" height=\"200\" src=\"https:\/\/stage.campbellsfoodservice.ca\/wp-content\/uploads\/2026\/01\/Goldfish-logo.png\" class=\"attachment-full size-full\" alt=\"Craquelins GoldfishMD\" title=\"Craquelins GoldfishMD\" \/><\/a><a class=\"brand\" ><img loading=\"lazy\" decoding=\"async\" width=\"250\" height=\"253\" src=\"https:\/\/stage.campbellsfoodservice.ca\/wp-content\/uploads\/2025\/07\/v8.webp\" class=\"attachment-full size-full\" alt=\"V8\" title=\"V8\" \/><\/a><\/div>\n        <\/div>\n\n\n\n<div class=\"wp-block-group divided is-nowrap is-layout-flex wp-container-core-group-is-layout-9f6d39c2 wp-block-group-is-layout-flex\" style=\"border-style:none;border-width:0px;padding-top:var(--wp--preset--spacing--70);padding-bottom:var(--wp--preset--spacing--70)\">\n<div class=\"wp-block-group is-vertical is-content-justification-center is-layout-flex wp-container-core-group-is-layout-f9a93ed8 wp-block-group-is-layout-flex\">\n<figure class=\"wp-block-image size-full is-resized\"><img loading=\"lazy\" decoding=\"async\" width=\"172\" height=\"220\" src=\"https:\/\/stage.campbellsfoodservice.ca\/wp-content\/uploads\/2026\/03\/icon-Recipe-Book.png\" alt=\"icon Recipe Book\" class=\"wp-image-14398\" style=\"width:auto;height:72px\"\/><\/figure>\n\n\n\n<h4 class=\"wp-block-heading has-text-align-center\">Plus de 150 recettes<\/h4>\n\n\n\n<p class=\"has-text-align-center\">Vous voulez donner du piquant \u00e0 votre menu\u202f? D\u00e9couvrez comment nos experts ont trouv\u00e9 la fa\u00e7on parfaite de mettre en valeur nos produits. Parcourez les recettes et commencez \u00e0 faire saliver vos clients.<\/p>\n\n\n\n<div class=\"wp-block-buttons is-layout-flex wp-block-buttons-is-layout-flex\">\n<div class=\"wp-block-button\"><a class=\"wp-block-button__link wp-element-button\" href=\"https:\/\/stage.campbellsfoodservice.ca\/fr\/recettes\/\">Recettes<\/a><\/div>\n<\/div>\n<\/div>\n\n\n\n<div class=\"wp-block-group is-vertical is-content-justification-center is-layout-flex wp-container-core-group-is-layout-ce155fab wp-block-group-is-layout-flex\">\n<figure class=\"wp-block-image size-full is-resized\"><img loading=\"lazy\" decoding=\"async\" width=\"210\" height=\"210\" src=\"https:\/\/stage.campbellsfoodservice.ca\/wp-content\/uploads\/2026\/03\/icon-Chef-Hat-red.png\" alt=\"icon Chef Hat\" class=\"wp-image-14399\" style=\"width:auto;height:72px\"\/><\/figure>\n\n\n\n<h4 class=\"wp-block-heading has-text-align-center\">Solutions par segment<\/h4>\n\n\n\n<p class=\"has-text-align-center\">Nous reconnaissons que les besoins en services alimentaires des \u00e9tablissements de soins de sant\u00e9, des op\u00e9rateurs ind\u00e9pendants et des comptes nationaux varient consid\u00e9rablement. C\u2019est pourquoi nous offrons des solutions adapt\u00e9es \u00e0 chaque segment.<\/p>\n\n\n\n<div class=\"wp-block-buttons is-layout-flex wp-block-buttons-is-layout-flex\">\n<div class=\"wp-block-button\"><a class=\"wp-block-button__link wp-element-button\" href=\"https:\/\/stage.campbellsfoodservice.ca\/fr\/segments\/\">Trouver des solutions<\/a><\/div>\n<\/div>\n<\/div>\n\n\n\n<div class=\"wp-block-group is-vertical is-content-justification-center is-layout-flex wp-container-core-group-is-layout-5e763914 wp-block-group-is-layout-flex\">\n<figure class=\"wp-block-image size-full is-resized\"><img loading=\"lazy\" decoding=\"async\" width=\"254\" height=\"210\" src=\"https:\/\/stage.campbellsfoodservice.ca\/wp-content\/uploads\/2026\/03\/icon-Serve-Dish.png\" alt=\"icon Serve Dish\" class=\"wp-image-14400\" style=\"width:auto;height:72px\"\/><\/figure>\n\n\n\n<h4 class=\"wp-block-heading has-text-align-center\">Des partenaires \u00e0 vos c\u00f4t\u00e9s<\/h4>\n\n\n\n<p class=\"has-text-align-center\">Nous sommes l\u00e0 pour vous soutenir dans votre mission d\u2019enchanter vos clients, parce que nous croyons qu\u2019une excellente cuisine peut enrichir des vies.<\/p>\n\n\n\n<div class=\"wp-block-buttons is-layout-flex wp-block-buttons-is-layout-flex\">\n<div class=\"wp-block-button\"><a class=\"wp-block-button__link wp-element-button\" href=\"https:\/\/stage.campbellsfoodservice.ca\/fr\/a-propos-de-nous\/\">\u00c0 propos de dous<\/a><\/div>\n<\/div>\n<\/div>\n<\/div>\n\n\n\n<div class=\"wp-block-group alignfull has-base-color has-accent-1-background-color has-text-color has-background has-link-color wp-elements-2feebd8dfa5e206cdc07f39c0175cbd7 has-global-padding is-layout-constrained wp-block-group-is-layout-constrained\" style=\"padding-top:var(--wp--preset--spacing--60);padding-bottom:var(--wp--preset--spacing--60)\">\n<div class=\"wp-block-group multiCol is-content-justification-left is-nowrap is-layout-flex wp-container-core-group-is-layout-babbe691 wp-block-group-is-layout-flex\">\n<div class=\"wp-block-group is-vertical is-layout-flex wp-container-core-group-is-layout-fe9cc265 wp-block-group-is-layout-flex\">\n<h3 class=\"wp-block-heading\">Suivez Campbell\u2019s Foodservice sur les m\u00e9dias sociaux<\/h3>\n\n\n\n<p>Restez en contact avec les r\u00e9seaux sociaux canadiens de Campbell\u2019s Foodservice pour conna\u00eetre les derni\u00e8res nouvelles, mises \u00e0 jour et promotions.<\/p>\n<\/div>\n\n\n\n<ul class=\"wp-block-social-links has-large-icon-size has-icon-color has-icon-background-color is-style-default is-content-justification-right is-nowrap is-layout-flex wp-container-core-social-links-is-layout-fcb05f6e wp-block-social-links-is-layout-flex\"><li style=\"color:#ba0018;background-color:#FFFFFF;\" class=\"wp-social-link wp-social-link-instagram has-accent-1-color has-base-background-color wp-block-social-link\"><a href=\"https:\/\/www.instagram.com\/campbells_fs\/\" class=\"wp-block-social-link-anchor\"><svg width=\"24\" height=\"24\" viewBox=\"0 0 24 24\" version=\"1.1\" xmlns=\"http:\/\/www.w3.org\/2000\/svg\" aria-hidden=\"true\" focusable=\"false\"><path d=\"M12,4.622c2.403,0,2.688,0.009,3.637,0.052c0.877,0.04,1.354,0.187,1.671,0.31c0.42,0.163,0.72,0.358,1.035,0.673 c0.315,0.315,0.51,0.615,0.673,1.035c0.123,0.317,0.27,0.794,0.31,1.671c0.043,0.949,0.052,1.234,0.052,3.637 s-0.009,2.688-0.052,3.637c-0.04,0.877-0.187,1.354-0.31,1.671c-0.163,0.42-0.358,0.72-0.673,1.035 c-0.315,0.315-0.615,0.51-1.035,0.673c-0.317,0.123-0.794,0.27-1.671,0.31c-0.949,0.043-1.233,0.052-3.637,0.052 s-2.688-0.009-3.637-0.052c-0.877-0.04-1.354-0.187-1.671-0.31c-0.42-0.163-0.72-0.358-1.035-0.673 c-0.315-0.315-0.51-0.615-0.673-1.035c-0.123-0.317-0.27-0.794-0.31-1.671C4.631,14.688,4.622,14.403,4.622,12 s0.009-2.688,0.052-3.637c0.04-0.877,0.187-1.354,0.31-1.671c0.163-0.42,0.358-0.72,0.673-1.035 c0.315-0.315,0.615-0.51,1.035-0.673c0.317-0.123,0.794-0.27,1.671-0.31C9.312,4.631,9.597,4.622,12,4.622 M12,3 C9.556,3,9.249,3.01,8.289,3.054C7.331,3.098,6.677,3.25,6.105,3.472C5.513,3.702,5.011,4.01,4.511,4.511 c-0.5,0.5-0.808,1.002-1.038,1.594C3.25,6.677,3.098,7.331,3.054,8.289C3.01,9.249,3,9.556,3,12c0,2.444,0.01,2.751,0.054,3.711 c0.044,0.958,0.196,1.612,0.418,2.185c0.23,0.592,0.538,1.094,1.038,1.594c0.5,0.5,1.002,0.808,1.594,1.038 c0.572,0.222,1.227,0.375,2.185,0.418C9.249,20.99,9.556,21,12,21s2.751-0.01,3.711-0.054c0.958-0.044,1.612-0.196,2.185-0.418 c0.592-0.23,1.094-0.538,1.594-1.038c0.5-0.5,0.808-1.002,1.038-1.594c0.222-0.572,0.375-1.227,0.418-2.185 C20.99,14.751,21,14.444,21,12s-0.01-2.751-0.054-3.711c-0.044-0.958-0.196-1.612-0.418-2.185c-0.23-0.592-0.538-1.094-1.038-1.594 c-0.5-0.5-1.002-0.808-1.594-1.038c-0.572-0.222-1.227-0.375-2.185-0.418C14.751,3.01,14.444,3,12,3L12,3z M12,7.378 c-2.552,0-4.622,2.069-4.622,4.622S9.448,16.622,12,16.622s4.622-2.069,4.622-4.622S14.552,7.378,12,7.378z M12,15 c-1.657,0-3-1.343-3-3s1.343-3,3-3s3,1.343,3,3S13.657,15,12,15z M16.804,6.116c-0.596,0-1.08,0.484-1.08,1.08 s0.484,1.08,1.08,1.08c0.596,0,1.08-0.484,1.08-1.08S17.401,6.116,16.804,6.116z\"><\/path><\/svg><span class=\"wp-block-social-link-label screen-reader-text\">Instagram<\/span><\/a><\/li>\n\n<li style=\"color:#ba0018;background-color:#FFFFFF;\" class=\"wp-social-link wp-social-link-facebook has-accent-1-color has-base-background-color wp-block-social-link\"><a href=\"https:\/\/www.facebook.com\/CampbellsFoodserviceCanada\" class=\"wp-block-social-link-anchor\"><svg width=\"24\" height=\"24\" viewBox=\"0 0 24 24\" version=\"1.1\" xmlns=\"http:\/\/www.w3.org\/2000\/svg\" aria-hidden=\"true\" focusable=\"false\"><path d=\"M12 2C6.5 2 2 6.5 2 12c0 5 3.7 9.1 8.4 9.9v-7H7.9V12h2.5V9.8c0-2.5 1.5-3.9 3.8-3.9 1.1 0 2.2.2 2.2.2v2.5h-1.3c-1.2 0-1.6.8-1.6 1.6V12h2.8l-.4 2.9h-2.3v7C18.3 21.1 22 17 22 12c0-5.5-4.5-10-10-10z\"><\/path><\/svg><span class=\"wp-block-social-link-label screen-reader-text\">Facebook<\/span><\/a><\/li>\n\n<li style=\"color:#ba0018;background-color:#FFFFFF;\" class=\"wp-social-link wp-social-link-linkedin has-accent-1-color has-base-background-color wp-block-social-link\"><a href=\"https:\/\/www.linkedin.com\/showcase\/campbells-foodservice-canada\/\" class=\"wp-block-social-link-anchor\"><svg width=\"24\" height=\"24\" viewBox=\"0 0 24 24\" version=\"1.1\" xmlns=\"http:\/\/www.w3.org\/2000\/svg\" aria-hidden=\"true\" focusable=\"false\"><path d=\"M19.7,3H4.3C3.582,3,3,3.582,3,4.3v15.4C3,20.418,3.582,21,4.3,21h15.4c0.718,0,1.3-0.582,1.3-1.3V4.3 C21,3.582,20.418,3,19.7,3z M8.339,18.338H5.667v-8.59h2.672V18.338z M7.004,8.574c-0.857,0-1.549-0.694-1.549-1.548 c0-0.855,0.691-1.548,1.549-1.548c0.854,0,1.547,0.694,1.547,1.548C8.551,7.881,7.858,8.574,7.004,8.574z M18.339,18.338h-2.669 v-4.177c0-0.996-0.017-2.278-1.387-2.278c-1.389,0-1.601,1.086-1.601,2.206v4.249h-2.667v-8.59h2.559v1.174h0.037 c0.356-0.675,1.227-1.387,2.526-1.387c2.703,0,3.203,1.779,3.203,4.092V18.338z\"><\/path><\/svg><span class=\"wp-block-social-link-label screen-reader-text\">LinkedIn<\/span><\/a><\/li><\/ul>\n<\/div>\n<\/div>\n","protected":false},"excerpt":{"rendered":"<p>L\u2019excellence en mati\u00e8re de saveur et de restauration. Notre portefeuille comprend certaines des marques les plus connues et les plus aim\u00e9es dans le monde, comme Campbell\u2019sMD, PaceMD, V8MD et Pepperidge FarmMD. Si vous cherchez l&rsquo;excellence dans la saveur et la restauration, vous \u00eates au bon endroit. Plus de 150 recettes Vous voulez donner du piquant [&hellip;]<\/p>\n","protected":false},"author":1,"featured_media":0,"parent":0,"menu_order":0,"comment_status":"closed","ping_status":"closed","template":"","meta":{"featured_image_url":"https:\/\/campbells.widen.net\/content\/vdwig3lfog\/original\/Shepherds-Pie.jpg","thumbnail_anchor_left":50,"thumbnail_anchor_top":50,"thumbnail_zoom":0,"footnotes":""},"class_list":["post-15215","page","type-page","status-publish","hentry"],"acf":[],"_links":{"self":[{"href":"https:\/\/stage.campbellsfoodservice.ca\/fr\/wp-json\/wp\/v2\/pages\/15215","targetHints":{"allow":["GET"]}}],"collection":[{"href":"https:\/\/stage.campbellsfoodservice.ca\/fr\/wp-json\/wp\/v2\/pages"}],"about":[{"href":"https:\/\/stage.campbellsfoodservice.ca\/fr\/wp-json\/wp\/v2\/types\/page"}],"author":[{"embeddable":true,"href":"https:\/\/stage.campbellsfoodservice.ca\/fr\/wp-json\/wp\/v2\/users\/1"}],"replies":[{"embeddable":true,"href":"https:\/\/stage.campbellsfoodservice.ca\/fr\/wp-json\/wp\/v2\/comments?post=15215"}],"version-history":[{"count":0,"href":"https:\/\/stage.campbellsfoodservice.ca\/fr\/wp-json\/wp\/v2\/pages\/15215\/revisions"}],"wp:attachment":[{"href":"https:\/\/stage.campbellsfoodservice.ca\/fr\/wp-json\/wp\/v2\/media?parent=15215"}],"curies":[{"name":"wp","href":"https:\/\/api.w.org\/{rel}","templated":true}]}}