

{"id":15630,"date":"2025-09-22T16:31:35","date_gmt":"2025-09-22T20:31:35","guid":{"rendered":"https:\/\/stage.campbellsfoodservice.ca\/?page_id=15630"},"modified":"2026-04-09T21:49:33","modified_gmt":"2026-04-10T01:49:33","slug":"marques-et-produits","status":"publish","type":"page","link":"https:\/\/stage.campbellsfoodservice.ca\/fr\/marques-et-produits\/","title":{"rendered":"Marques et produits"},"content":{"rendered":"\n<div class=\"wp-block-group alignfull has-accent-3-background-color has-background has-global-padding is-layout-constrained wp-block-group-is-layout-constrained\" style=\"padding-top:var(--wp--preset--spacing--70);padding-bottom:var(--wp--preset--spacing--70)\">\n<div class=\"wp-block-group title is-vertical is-content-justification-center is-layout-flex wp-container-core-group-is-layout-ce155fab wp-block-group-is-layout-flex\">\n<h2 class=\"wp-block-heading has-text-align-center\">Nos marques et produits<\/h2>\n\n\n\n<p class=\"has-text-align-center\">Des aliments soigneusement \u00e9labor\u00e9s que vos clients connaissent et appr\u00e9cient.<\/p>\n<\/div>\n<\/div>\n\n\n\n<section class=\"wp-block-group alignfull info has-base-background-color has-background has-global-padding is-layout-constrained wp-block-group-is-layout-constrained\" style=\"padding-top:var(--wp--preset--spacing--70);padding-bottom:var(--wp--preset--spacing--70)\">\n<div class=\"wp-block-group is-nowrap is-layout-flex wp-container-core-group-is-layout-81c3fb47 wp-block-group-is-layout-flex\"><div>No image set<\/div>\n\n\n<div class=\"wp-block-group is-vertical is-layout-flex wp-container-core-group-is-layout-fe9cc265 wp-block-group-is-layout-flex\">\n<h2 class=\"wp-block-heading\">Des marques reconnues et appr\u00e9ci\u00e9es partout dans le monde.<\/h2>\n\n\n\n<p>Notre portefeuille comprend certaines des marques les plus connues et les plus aim\u00e9es dans le monde, comme Campbell&rsquo;s, Pace, V8 et Pepperidge Farm. Si vous cherchez l&rsquo;excellence dans la saveur et la restauration, vous \u00eates au bon endroit.<\/p>\n\n\n\n<div class=\"wp-block-buttons is-layout-flex wp-block-buttons-is-layout-flex\">\n<div class=\"wp-block-button scroll_to_documents\"><a class=\"wp-block-button__link wp-element-button\" href=\"#documents\">Gamme compl\u00e8te de produits<\/a><\/div>\n\n\n\n<div class=\"wp-block-button scroll_to_documents is-style-outline is-style-outline--1\"><a class=\"wp-block-button__link has-accent-1-color has-text-color has-link-color wp-element-button\" href=\"#documents\">Sommaires nutritionnels<\/a><\/div>\n<\/div>\n<\/div>\n<\/div>\n<\/section>\n\n\n\n<div class=\"wp-block-group alignfull has-base-color has-accent-1-background-color has-text-color has-background has-link-color wp-elements-6bd68fcd387fb277679a747cfb92bc4d has-global-padding is-layout-constrained wp-block-group-is-layout-constrained\" style=\"margin-top:0px;margin-bottom:0px\">\n<div class=\"wp-block-group is-content-justification-center is-layout-flex wp-container-core-group-is-layout-71a03601 wp-block-group-is-layout-flex\" style=\"padding-top:70px;padding-bottom:70px\">\n<h5 class=\"wp-block-heading\" style=\"font-size:clamp(15.747px, 0.984rem + ((1vw - 3.2px) * 0.645), 24px);\">Search all products<\/h5>\n\n\n<div id=\"search-bar\" class=\"yext search-bar\" data-vertical=\"products\" data-placeholder=\"Enter keyword\"><\/div><\/div>\n<\/div>\n\n\n<div class=\"categories\">\n        <div class=\"category\">\n                    <div class=\"details\">\n                        <h3>Soupes, bouillons et bases<\/h3>\n                        <p>Riches. Impressionnantes. D\u00e9licieuses. En mati\u00e8re d\u2019expertise en soupe, il ne fait aucun doute\u202f: <em>Campbell\u2019s<\/em>MD est la r\u00e9f\u00e9rence. Avec des ingr\u00e9dients de cette qualit\u00e9 et des saveurs aussi remarquables, il est facile de comprendre pourquoi nos soupes, \u00e0 la fois de qualit\u00e9 \u00ab\u202ffaites maison\u202f\u00bb et de longue conservation, donnent envie \u00e0 vos clients d\u2019en redemander.<\/p>\n                        <div class=\"buttons\">\n                                                <a class=\"button browse\" href=\"\">Parcourir les produits<\/a>\n                        <\/div>\n                    <\/div>\n                    <div class=\"brands\">\n                <a class=\"brand\" ><img loading=\"lazy\" decoding=\"async\" width=\"1080\" height=\"444\" src=\"https:\/\/stage.campbellsfoodservice.ca\/wp-content\/uploads\/2025\/11\/Cambpells-soupes-classique.png\" class=\"attachment-full size-full\" alt=\"Soupes Classique\" title=\"Soupes Classique\" srcset=\"https:\/\/stage.campbellsfoodservice.ca\/wp-content\/uploads\/2025\/11\/Cambpells-soupes-classique.png 1080w, https:\/\/stage.campbellsfoodservice.ca\/wp-content\/uploads\/2025\/11\/Cambpells-soupes-classique-600x247.png 600w, https:\/\/stage.campbellsfoodservice.ca\/wp-content\/uploads\/2025\/11\/Cambpells-soupes-classique-1024x421.png 1024w, https:\/\/stage.campbellsfoodservice.ca\/wp-content\/uploads\/2025\/11\/Cambpells-soupes-classique-768x316.png 768w\" sizes=\"auto, (max-width: 1080px) 100vw, 1080px\" \/><span>Savoir plus<\/span><\/a><a class=\"brand\" ><img loading=\"lazy\" decoding=\"async\" width=\"1080\" height=\"444\" src=\"https:\/\/stage.campbellsfoodservice.ca\/wp-content\/uploads\/2025\/11\/Campbells-soupes-signature.png\" class=\"attachment-full size-full\" alt=\"Soupes Signature\" title=\"Soupes Signature\" srcset=\"https:\/\/stage.campbellsfoodservice.ca\/wp-content\/uploads\/2025\/11\/Campbells-soupes-signature.png 1080w, https:\/\/stage.campbellsfoodservice.ca\/wp-content\/uploads\/2025\/11\/Campbells-soupes-signature-600x247.png 600w, https:\/\/stage.campbellsfoodservice.ca\/wp-content\/uploads\/2025\/11\/Campbells-soupes-signature-1024x421.png 1024w, https:\/\/stage.campbellsfoodservice.ca\/wp-content\/uploads\/2025\/11\/Campbells-soupes-signature-768x316.png 768w\" sizes=\"auto, (max-width: 1080px) 100vw, 1080px\" \/><span>Savoir plus<\/span><\/a><a class=\"brand\" ><img loading=\"lazy\" decoding=\"async\" width=\"1080\" height=\"444\" src=\"https:\/\/stage.campbellsfoodservice.ca\/wp-content\/uploads\/2025\/11\/Campbells-soupes-verve.png\" class=\"attachment-full size-full\" alt=\"Soupes Verve\" title=\"Soupes Verve\" srcset=\"https:\/\/stage.campbellsfoodservice.ca\/wp-content\/uploads\/2025\/11\/Campbells-soupes-verve.png 1080w, https:\/\/stage.campbellsfoodservice.ca\/wp-content\/uploads\/2025\/11\/Campbells-soupes-verve-600x247.png 600w, https:\/\/stage.campbellsfoodservice.ca\/wp-content\/uploads\/2025\/11\/Campbells-soupes-verve-1024x421.png 1024w, https:\/\/stage.campbellsfoodservice.ca\/wp-content\/uploads\/2025\/11\/Campbells-soupes-verve-768x316.png 768w\" sizes=\"auto, (max-width: 1080px) 100vw, 1080px\" \/><span>Savoir plus<\/span><\/a><a class=\"brand\" ><img loading=\"lazy\" decoding=\"async\" width=\"1080\" height=\"408\" src=\"https:\/\/stage.campbellsfoodservice.ca\/wp-content\/uploads\/2025\/11\/Cambpells-manger-intelligemment-soupes.png\" class=\"attachment-full size-full\" alt=\"Soupes Manger Intelligemment\" title=\"Soupes Manger Intelligemment\" srcset=\"https:\/\/stage.campbellsfoodservice.ca\/wp-content\/uploads\/2025\/11\/Cambpells-manger-intelligemment-soupes.png 1080w, https:\/\/stage.campbellsfoodservice.ca\/wp-content\/uploads\/2025\/11\/Cambpells-manger-intelligemment-soupes-600x227.png 600w, https:\/\/stage.campbellsfoodservice.ca\/wp-content\/uploads\/2025\/11\/Cambpells-manger-intelligemment-soupes-1024x387.png 1024w, https:\/\/stage.campbellsfoodservice.ca\/wp-content\/uploads\/2025\/11\/Cambpells-manger-intelligemment-soupes-768x290.png 768w\" sizes=\"auto, (max-width: 1080px) 100vw, 1080px\" \/><span>Savoir plus<\/span><\/a><\/div>\n                <\/div>\n        <div class=\"category\">\n                    <div class=\"details\">\n                        <h3>Collations et boissons<\/h3>\n                        <p><em>Campbell\u2019s<\/em><sup>MD<\/sup> propose un portefeuille de marques de confiance pour les boissons, les craquelins et les collations, afin de soutenir l\u2019innovation des recettes ou d\u2019\u00eatre servies telles quelles. Nous nous engageons \u00e0 vous aider \u00e0 donner vie \u00e0 votre passion dans chaque gorg\u00e9e, bouch\u00e9e et bol que vous servez.<\/p>\n                        <div class=\"buttons\">\n                                                <a class=\"button browse\" href=\"\">Parcourir les produits<\/a>\n                        <\/div>\n                    <\/div>\n                    <div class=\"brands\">\n                <a class=\"brand\" ><img loading=\"lazy\" decoding=\"async\" width=\"728\" height=\"400\" src=\"https:\/\/stage.campbellsfoodservice.ca\/wp-content\/uploads\/2025\/07\/Kettle-Brand.png\" class=\"attachment-full size-full\" alt=\"Croustilles Kettle BrandMD\" title=\"Croustilles Kettle BrandMD\" srcset=\"https:\/\/stage.campbellsfoodservice.ca\/wp-content\/uploads\/2025\/07\/Kettle-Brand.png 728w, https:\/\/stage.campbellsfoodservice.ca\/wp-content\/uploads\/2025\/07\/Kettle-Brand-300x165.png 300w\" sizes=\"auto, (max-width: 728px) 100vw, 728px\" \/><span>Savoir plus<\/span><\/a><a class=\"brand\" ><img loading=\"lazy\" decoding=\"async\" width=\"840\" height=\"561\" src=\"https:\/\/stage.campbellsfoodservice.ca\/wp-content\/uploads\/2026\/02\/Pacific-Foods-Barista-Series-1.png\" class=\"attachment-full size-full\" alt=\"Pacific Foods\u00ae Barista Series\" title=\"Pacific Foods\u00ae Barista Series\" srcset=\"https:\/\/stage.campbellsfoodservice.ca\/wp-content\/uploads\/2026\/02\/Pacific-Foods-Barista-Series-1.png 840w, https:\/\/stage.campbellsfoodservice.ca\/wp-content\/uploads\/2026\/02\/Pacific-Foods-Barista-Series-1-600x401.png 600w, https:\/\/stage.campbellsfoodservice.ca\/wp-content\/uploads\/2026\/02\/Pacific-Foods-Barista-Series-1-768x513.png 768w\" sizes=\"auto, (max-width: 840px) 100vw, 840px\" \/><span>Savoir plus<\/span><\/a><a class=\"brand\" ><img loading=\"lazy\" decoding=\"async\" width=\"600\" height=\"200\" src=\"https:\/\/stage.campbellsfoodservice.ca\/wp-content\/uploads\/2026\/01\/Goldfish-logo.png\" class=\"attachment-full size-full\" alt=\"Craquelins GoldfishMD\" title=\"Craquelins GoldfishMD\" \/><span>Savoir plus<\/span><\/a><a class=\"brand\" ><img loading=\"lazy\" decoding=\"async\" width=\"250\" height=\"253\" src=\"https:\/\/stage.campbellsfoodservice.ca\/wp-content\/uploads\/2025\/07\/v8.webp\" class=\"attachment-full size-full\" alt=\"V8\" title=\"V8\" \/><span>Savoir plus<\/span><\/a><\/div>\n                <\/div>\n        <div class=\"category\">\n                    <div class=\"details\">\n                        <h3>Sauces et salsas<\/h3>\n                        <p>Des solutions de sauces et de salsas savoureuses, polyvalentes et pratiques, avec toute la saveur \u2014 sans la main\u2011d\u2019\u0153uvre.<\/p>\n                        <div class=\"buttons\">\n                                                <a class=\"button browse\" href=\"\">Parcourir les produits<\/a>\n                        <\/div>\n                    <\/div>\n                    <div class=\"brands\">\n                <a class=\"brand\" ><img loading=\"lazy\" decoding=\"async\" width=\"1080\" height=\"444\" src=\"https:\/\/stage.campbellsfoodservice.ca\/wp-content\/uploads\/2025\/11\/Cambpells-sauces-surgelees.png\" class=\"attachment-full size-full\" alt=\"Sauces surgel\u00e9es\" title=\"Sauces surgel\u00e9es\" srcset=\"https:\/\/stage.campbellsfoodservice.ca\/wp-content\/uploads\/2025\/11\/Cambpells-sauces-surgelees.png 1080w, https:\/\/stage.campbellsfoodservice.ca\/wp-content\/uploads\/2025\/11\/Cambpells-sauces-surgelees-600x247.png 600w, https:\/\/stage.campbellsfoodservice.ca\/wp-content\/uploads\/2025\/11\/Cambpells-sauces-surgelees-1024x421.png 1024w, https:\/\/stage.campbellsfoodservice.ca\/wp-content\/uploads\/2025\/11\/Cambpells-sauces-surgelees-768x316.png 768w\" sizes=\"auto, (max-width: 1080px) 100vw, 1080px\" \/><span>Savoir plus<\/span><\/a><a class=\"brand\" ><img loading=\"lazy\" decoding=\"async\" width=\"840\" height=\"480\" src=\"https:\/\/stage.campbellsfoodservice.ca\/wp-content\/uploads\/2025\/07\/Pace.png\" class=\"attachment-full size-full\" alt=\"Salsa Pace\" title=\"Salsa Pace\" srcset=\"https:\/\/stage.campbellsfoodservice.ca\/wp-content\/uploads\/2025\/07\/Pace.png 840w, https:\/\/stage.campbellsfoodservice.ca\/wp-content\/uploads\/2025\/07\/Pace-300x171.png 300w, https:\/\/stage.campbellsfoodservice.ca\/wp-content\/uploads\/2025\/07\/Pace-768x439.png 768w\" sizes=\"auto, (max-width: 840px) 100vw, 840px\" \/><span>Savoir plus<\/span><\/a><\/div>\n                <\/div>\n        <div class=\"category\">\n                    <div class=\"details\">\n                        <h3>Entr\u00e9es<\/h3>\n                        <p>Les entr\u00e9es <em>Campbell\u2019s<\/em><sup>MD<\/sup> sont d\u00e9licieuses et offrent une saveur maison que vos clients adoreront. Nos recettes cr\u00e9\u00e9es par des chefs assurent des r\u00e9sultats constants et fiables en cuisine, tandis que les \u00e9conomies de main\u2011d\u2019\u0153uvre du format surgel\u00e9 pratique vous aident \u00e0 mieux g\u00e9rer vos co\u00fbts.<\/p>\n                        <div class=\"buttons\">\n                                                <a class=\"button browse\" href=\"\">Parcourir les produits<\/a>\n                        <\/div>\n                    <\/div>\n                    <div class=\"brands\">\n                <a class=\"brand\" ><img loading=\"lazy\" decoding=\"async\" width=\"1080\" height=\"444\" src=\"https:\/\/stage.campbellsfoodservice.ca\/wp-content\/uploads\/2025\/11\/Campbells-plats-cuisines-surgeles.png\" class=\"attachment-full size-full\" alt=\"Plats cuisin\u00e9s surgel\u00e9s\" title=\"Plats cuisin\u00e9s surgel\u00e9s\" srcset=\"https:\/\/stage.campbellsfoodservice.ca\/wp-content\/uploads\/2025\/11\/Campbells-plats-cuisines-surgeles.png 1080w, https:\/\/stage.campbellsfoodservice.ca\/wp-content\/uploads\/2025\/11\/Campbells-plats-cuisines-surgeles-600x247.png 600w, https:\/\/stage.campbellsfoodservice.ca\/wp-content\/uploads\/2025\/11\/Campbells-plats-cuisines-surgeles-1024x421.png 1024w, https:\/\/stage.campbellsfoodservice.ca\/wp-content\/uploads\/2025\/11\/Campbells-plats-cuisines-surgeles-768x316.png 768w\" sizes=\"auto, (max-width: 1080px) 100vw, 1080px\" \/><span>Savoir plus<\/span><\/a><a class=\"brand\" ><img loading=\"lazy\" decoding=\"async\" width=\"1080\" height=\"414\" src=\"https:\/\/stage.campbellsfoodservice.ca\/wp-content\/uploads\/2025\/11\/Cuisine-avancee-Campbells.png\" class=\"attachment-full size-full\" alt=\"Advanced Cuisine\" title=\"Advanced Cuisine\" srcset=\"https:\/\/stage.campbellsfoodservice.ca\/wp-content\/uploads\/2025\/11\/Cuisine-avancee-Campbells.png 1080w, https:\/\/stage.campbellsfoodservice.ca\/wp-content\/uploads\/2025\/11\/Cuisine-avancee-Campbells-600x230.png 600w, https:\/\/stage.campbellsfoodservice.ca\/wp-content\/uploads\/2025\/11\/Cuisine-avancee-Campbells-1024x393.png 1024w, https:\/\/stage.campbellsfoodservice.ca\/wp-content\/uploads\/2025\/11\/Cuisine-avancee-Campbells-768x294.png 768w\" sizes=\"auto, (max-width: 1080px) 100vw, 1080px\" \/><span>Savoir plus<\/span><\/a><\/div>\n                <\/div>\n        <div class=\"category\">\n                    <div class=\"details\">\n                        <h3>Boulangerie<\/h3>\n                        <p>Lorsque vous utilisez la p\u00e2te feuillet\u00e9e <em>Pepperidge Farm<\/em><sup>\u00ae<\/sup>, vous pouvez cr\u00e9er des plats extraordinaires, tant sal\u00e9s que sucr\u00e9s. Notre p\u00e2te feuillet\u00e9e est compos\u00e9e de nombreuses couches d\u00e9licates, chacune essentielle \u00e0 sa texture exceptionnellement l\u00e9g\u00e8re et a\u00e9rienne.<\/p>\n                        <div class=\"buttons\">\n                                                <a class=\"button browse\" href=\"\">Parcourir les produits<\/a>\n                        <\/div>\n                    <\/div>\n                    <div class=\"brands\">\n                <a class=\"brand\" ><img loading=\"lazy\" decoding=\"async\" width=\"1632\" height=\"568\" src=\"https:\/\/stage.campbellsfoodservice.ca\/wp-content\/uploads\/2025\/07\/Pepperidge-Farm.png\" class=\"attachment-full size-full\" alt=\"Pepperidge FarmMD\" title=\"Pepperidge FarmMD\" srcset=\"https:\/\/stage.campbellsfoodservice.ca\/wp-content\/uploads\/2025\/07\/Pepperidge-Farm.png 1632w, https:\/\/stage.campbellsfoodservice.ca\/wp-content\/uploads\/2025\/07\/Pepperidge-Farm-300x104.png 300w, https:\/\/stage.campbellsfoodservice.ca\/wp-content\/uploads\/2025\/07\/Pepperidge-Farm-1024x356.png 1024w, https:\/\/stage.campbellsfoodservice.ca\/wp-content\/uploads\/2025\/07\/Pepperidge-Farm-768x267.png 768w, https:\/\/stage.campbellsfoodservice.ca\/wp-content\/uploads\/2025\/07\/Pepperidge-Farm-1536x535.png 1536w\" sizes=\"auto, (max-width: 1632px) 100vw, 1632px\" \/><span>Savoir plus<\/span><\/a><\/div>\n                <\/div>\n        <div class=\"category\">\n                    <div class=\"details\">\n                        <h3>Textures modifi\u00e9e<\/h3>\n                        <p>Depuis plus de 20 ans, la collection Textures modifi\u00e9es de <em>Campbell\u2019s<\/em><sup>MD<\/sup> offre des solutions de repas constantes, savoureuses, nutritives et pratiques pour les patients et les r\u00e9sidents ayant des difficult\u00e9s de d\u00e9glutition ou des enjeux dentaires.<\/p>\n                        <div class=\"buttons\">\n                                                <a class=\"button browse\" href=\"\">Parcourir les produits<\/a>\n                        <\/div>\n                    <\/div>\n                    <div class=\"brands\">\n                <a class=\"category brand\" ><img loading=\"lazy\" decoding=\"async\" width=\"1080\" height=\"414\" src=\"https:\/\/stage.campbellsfoodservice.ca\/wp-content\/uploads\/2026\/04\/Campbells-collection-de-texture-modifiee.png\" class=\"attachment-full size-full\" alt=\"Textures modifi\u00e9e\" title=\"Textures modifi\u00e9e\" srcset=\"https:\/\/stage.campbellsfoodservice.ca\/wp-content\/uploads\/2026\/04\/Campbells-collection-de-texture-modifiee.png 1080w, https:\/\/stage.campbellsfoodservice.ca\/wp-content\/uploads\/2026\/04\/Campbells-collection-de-texture-modifiee-600x230.png 600w, https:\/\/stage.campbellsfoodservice.ca\/wp-content\/uploads\/2026\/04\/Campbells-collection-de-texture-modifiee-1024x393.png 1024w, https:\/\/stage.campbellsfoodservice.ca\/wp-content\/uploads\/2026\/04\/Campbells-collection-de-texture-modifiee-768x294.png 768w\" sizes=\"auto, (max-width: 1080px) 100vw, 1080px\" \/><span>Savoir plus<\/span><\/a><\/div>\n                <\/div>\n        <\/div>\n        \n\n\n<section class=\"wp-block-group alignfull documents has-global-padding is-layout-constrained wp-block-group-is-layout-constrained\" id=\"documents\">\n<div class=\"wp-block-group is-nowrap is-layout-flex wp-container-core-group-is-layout-6c531013 wp-block-group-is-layout-flex\"><div class=\"post-list document_list  \">\n        <div class=\"posts\">\n\n<div class=\"wp-block-group is-nowrap is-layout-flex wp-container-core-group-is-layout-6c531013 wp-block-group-is-layout-flex\"><span class=\"documents-link document\">\n        <div class=\"post_link document_link\">\n            <img decoding=\"async\" src=\"https:\/\/stage.campbellsfoodservice.ca\/wp-content\/uploads\/2026\/01\/Campbells-service-alimentaire-gamme-complete-de-produits-automne-2025.jpg\" alt=\"Campbells service alimentaire Gamme complete de produits automne 2025\" \/>\n                            <div class=\"info\">\n                    <img decoding=\"async\" class=\"icon\" src=\"https:\/\/stage.campbellsfoodservice.ca\/wp-content\/uploads\/2026\/01\/icon-Full-Line-Brochure.png\" alt=\"icon Menu\" \/>\n                                        <h2>Gamme compl\u00e8te de produits<\/h2>\n                    <div class=\"description\">Votre partenaire pour nourrir et combler votre client\u00e8le.\n<\/div>\n                    <a target=\"_blank\" class=\"button\" >T\u00e9l\u00e9charger le PDF<\/a>\n                <\/div> \n            <\/div>\n    <\/span>\n        <\/div>\n\n<\/div>\n        <\/div>\n        \n\n<div class=\"post_link nutritional_summaries\">\n            <img decoding=\"async\" src=\"https:\/\/stage.campbellsfoodservice.ca\/wp-content\/uploads\/2026\/03\/icon-Knife-Fork-Plate.png\" alt=\"icon\" \/>\n            <h2>Nutritional Data<\/h2>\n                <div class=\"description\">Get nutrition facts, ingredient statements and more for all our products.\n<\/div>\n                <a class=\"button link\" href=\"https:\/\/stage.campbellsfoodservice.ca\/nutritional-summaries\/\">View Data<\/a>\n                \n                            <\/div>\n            \n            <\/div>\n<\/section>\n","protected":false},"excerpt":{"rendered":"<p>Nos marques et produits Des aliments soigneusement \u00e9labor\u00e9s que vos clients connaissent et appr\u00e9cient. Des marques reconnues et appr\u00e9ci\u00e9es partout dans le monde. Notre portefeuille comprend certaines des marques les plus connues et les plus aim\u00e9es dans le monde, comme Campbell&rsquo;s, Pace, V8 et Pepperidge Farm. Si vous cherchez l&rsquo;excellence dans la saveur et la [&hellip;]<\/p>\n","protected":false},"author":14,"featured_media":0,"parent":0,"menu_order":0,"comment_status":"closed","ping_status":"closed","template":"","meta":{"featured_image_url":"","thumbnail_anchor_left":0,"thumbnail_anchor_top":0,"thumbnail_zoom":0,"footnotes":""},"class_list":["post-15630","page","type-page","status-publish","hentry"],"acf":[],"_links":{"self":[{"href":"https:\/\/stage.campbellsfoodservice.ca\/fr\/wp-json\/wp\/v2\/pages\/15630","targetHints":{"allow":["GET"]}}],"collection":[{"href":"https:\/\/stage.campbellsfoodservice.ca\/fr\/wp-json\/wp\/v2\/pages"}],"about":[{"href":"https:\/\/stage.campbellsfoodservice.ca\/fr\/wp-json\/wp\/v2\/types\/page"}],"author":[{"embeddable":true,"href":"https:\/\/stage.campbellsfoodservice.ca\/fr\/wp-json\/wp\/v2\/users\/14"}],"replies":[{"embeddable":true,"href":"https:\/\/stage.campbellsfoodservice.ca\/fr\/wp-json\/wp\/v2\/comments?post=15630"}],"version-history":[{"count":0,"href":"https:\/\/stage.campbellsfoodservice.ca\/fr\/wp-json\/wp\/v2\/pages\/15630\/revisions"}],"wp:attachment":[{"href":"https:\/\/stage.campbellsfoodservice.ca\/fr\/wp-json\/wp\/v2\/media?parent=15630"}],"curies":[{"name":"wp","href":"https:\/\/api.w.org\/{rel}","templated":true}]}}