

{"id":15713,"date":"2025-09-22T16:32:32","date_gmt":"2025-09-22T20:32:32","guid":{"rendered":"https:\/\/stage.campbellsfoodservice.ca\/?page_id=15713"},"modified":"2026-04-13T21:15:11","modified_gmt":"2026-04-14T01:15:11","slug":"segments","status":"publish","type":"page","link":"https:\/\/stage.campbellsfoodservice.ca\/fr\/segments\/","title":{"rendered":"Segments"},"content":{"rendered":"\n<div class=\"wp-block-group alignfull has-accent-3-background-color has-background has-global-padding is-layout-constrained wp-block-group-is-layout-constrained\" style=\"padding-top:var(--wp--preset--spacing--70);padding-bottom:var(--wp--preset--spacing--70)\">\n<div class=\"wp-block-group title is-vertical is-content-justification-center is-layout-flex wp-container-core-group-is-layout-ce155fab wp-block-group-is-layout-flex\">\n<h2 class=\"wp-block-heading has-text-align-center\">Des solutions adapt\u00e9es \u00e0 vos op\u00e9rations.<\/h2>\n\n\n\n<p class=\"has-text-align-center\"><br>Nous reconnaissons que les besoins en services alimentaires varient consid\u00e9rablement selon les segments \u2014 des exploitants ind\u00e9pendants aux comptes nationaux \u2014 c\u2019est pourquoi nous adaptons nos solutions \u00e0 vos besoins.<\/p>\n<\/div>\n<\/div>\n\n\n\n<section class=\"wp-block-group alignfull info has-base-background-color has-background has-global-padding is-layout-constrained wp-block-group-is-layout-constrained\" style=\"padding-top:var(--wp--preset--spacing--70);padding-bottom:var(--wp--preset--spacing--70)\">\n<div class=\"wp-block-group is-nowrap is-layout-flex wp-container-core-group-is-layout-81c3fb47 wp-block-group-is-layout-flex\"><div class=\"featuredImage\"><img decoding=\"async\"  alt=\"Segments\" title=\"Segments\" src=\"https:\/\/campbells.widen.net\/content\/qxkosoy9s7\/jpeg\/Baked-Lasagna-Soup.jpg?w=1024\" style=\"object-position: 50% 50%; transform-origin: 50% 50%; transform:scale(100%);\" \/><\/div>\n\n\n<div class=\"wp-block-group is-vertical is-layout-flex wp-container-core-group-is-layout-fe9cc265 wp-block-group-is-layout-flex\">\n<h2 class=\"wp-block-heading\">De l\u2019inspiration pour votre entreprise, par Campbell\u2019s Foodservice.<\/h2>\n\n\n\n<p>Des soupes ax\u00e9es sur la sant\u00e9 aux collations appr\u00e9ci\u00e9es des enfants, en passant par les boissons rafra\u00eechissantes, notre portefeuille diversifi\u00e9 propose une gamme de produits polyvalents con\u00e7us pour faire sourire patients, invit\u00e9s et clients. Que vous souhaitiez stimuler vos ventes gr\u00e2ce \u00e0 des marques les plus populaires ou offrir des recettes riches en nutriments, nous sommes votre partenaire expert pour trouver l\u2019assortiment de produits id\u00e9al et fa\u00e7onner votre menu.<\/p>\n<\/div>\n<\/div>\n<\/section>\n\n\n\n<div class=\"wp-block-group alignfull has-accent-3-background-color has-background has-global-padding is-layout-constrained wp-block-group-is-layout-constrained\" style=\"padding-top:var(--wp--preset--spacing--70);padding-bottom:var(--wp--preset--spacing--70)\">\n<h3 class=\"wp-block-heading has-text-align-center\">Explorer les segments<\/h3>\n\n\n\n<div class=\"wp-block-group divided is-nowrap is-layout-flex wp-container-core-group-is-layout-d6d7b567 wp-block-group-is-layout-flex\" style=\"border-style:none;border-width:0px;margin-top:var(--wp--preset--spacing--60);margin-bottom:0;padding-top:0;padding-bottom:0\">\n<div class=\"wp-block-group is-vertical is-content-justification-center is-layout-flex wp-container-core-group-is-layout-ce155fab wp-block-group-is-layout-flex\">\n<figure class=\"wp-block-image size-full is-resized\"><img loading=\"lazy\" decoding=\"async\" width=\"200\" height=\"190\" src=\"https:\/\/stage.campbellsfoodservice.ca\/wp-content\/uploads\/2026\/03\/icon-Business.png\" alt=\"icon Briefcase\" class=\"wp-image-13743\" style=\"width:auto;height:60px\"\/><\/figure>\n\n\n\n<h4 class=\"wp-block-heading has-text-align-center\">Secteur commercial et industriel<\/h4>\n\n\n\n<p class=\"has-text-align-center\">Des soupes et des sauces aux desserts en passant par les collations, Campbell\u2019s propose une gamme de produits \u00e0 multiples usages, parfaits pour la restauration commerciale et industrielle.<\/p>\n\n\n\n<p class=\"more\"><a href=\"\/fr\/secteur-commercial-et-industriel\/\" data-type=\"page\" data-id=\"12876\">En savoir plus<\/a><\/p>\n<\/div>\n\n\n\n<div class=\"wp-block-group is-vertical is-content-justification-center is-layout-flex wp-container-core-group-is-layout-ce155fab wp-block-group-is-layout-flex\">\n<figure class=\"wp-block-image size-full is-resized\"><img loading=\"lazy\" decoding=\"async\" width=\"230\" height=\"190\" src=\"https:\/\/stage.campbellsfoodservice.ca\/wp-content\/uploads\/2026\/03\/icon-University.png\" alt=\"icon Open Book\" class=\"wp-image-13742\" style=\"width:auto;height:60px\"\/><\/figure>\n\n\n\n<h4 class=\"wp-block-heading has-text-align-center\">\u00c9tablissement d\u2019enseignement postsecondaire<\/h4>\n\n\n\n<p class=\"has-text-align-center\">Que vous recherchiez les meilleurs ingr\u00e9dients de base de chaque cat\u00e9gorie pour des plats de r\u00e9fectoire ou des collations \u00e0 emporter destin\u00e9es aux d\u00e9panneurs et distributeurs du campus, Campbell\u2019s a exactement ce qu\u2019il vous faut.<\/p>\n\n\n\n<p class=\"more\"><a href=\"\/fr\/etablissement-denseignement-postsecondaire\/\" data-type=\"page\" data-id=\"12879\">En savoir plus<\/a><\/p>\n<\/div>\n\n\n\n<div class=\"wp-block-group is-vertical is-content-justification-center is-layout-flex wp-container-core-group-is-layout-ce155fab wp-block-group-is-layout-flex\">\n<figure class=\"wp-block-image size-full is-resized\"><img loading=\"lazy\" decoding=\"async\" width=\"190\" height=\"190\" src=\"https:\/\/stage.campbellsfoodservice.ca\/wp-content\/uploads\/2026\/03\/icon-Healthcare.png\" alt=\"icon Stethoscope\" class=\"wp-image-13745\" style=\"width:auto;height:60px\"\/><\/figure>\n\n\n\n<h4 class=\"wp-block-heading has-text-align-center\">Soins de sant\u00e9<\/h4>\n\n\n\n<p class=\"has-text-align-center\">Pour des plats faciles \u00e0 pr\u00e9parer et \u00e0 forte valeur ajout\u00e9e, qui trouvent l\u2019\u00e9quilibre entre saveur et valeur nutritive, vous pouvez compter sur nos produits pour s\u2019int\u00e9grer parfaitement \u00e0 vos op\u00e9rations en soins de sant\u00e9.<\/p>\n\n\n\n<p class=\"more\"><a href=\"https:\/\/stage.campbellsfoodservice.ca\/fr\/segments\/soins-de-sante\/\" data-type=\"page\" data-id=\"12881\">En savoir plus<\/a><\/p>\n<\/div>\n\n\n\n<div class=\"wp-block-group is-vertical is-content-justification-center is-layout-flex wp-container-core-group-is-layout-ce155fab wp-block-group-is-layout-flex\">\n<figure class=\"wp-block-image size-full is-resized\"><img loading=\"lazy\" decoding=\"async\" width=\"190\" height=\"190\" src=\"https:\/\/stage.campbellsfoodservice.ca\/wp-content\/uploads\/2026\/03\/icon-Restaurants.png\" alt=\"icon Chef Hat\" class=\"wp-image-13744\" style=\"width:auto;height:60px\"\/><\/figure>\n\n\n\n<h4 class=\"wp-block-heading has-text-align-center\">Restaurants<\/h4>\n\n\n\n<p class=\"has-text-align-center\">Les go\u00fbts \u00e9voluent constamment. Campbell\u2019s Foodservice est l\u00e0 pour \u00eatre votre partenaire expert afin d\u2019accro\u00eetre la satisfaction de vos clients \u2014 et votre rentabilit\u00e9 \u2014 gr\u00e2ce \u00e0 des produits pratiques qui r\u00e9duisent la main\u2011d\u2019\u0153uvre et \u00e0 des marques phares que vos clients adorent.<\/p>\n\n\n\n<p class=\"more\"><a href=\"https:\/\/stage.campbellsfoodservice.ca\/fr\/segments\/restaurants\/\" data-type=\"page\" data-id=\"12883\">En savoir plus<\/a><\/p>\n<\/div>\n<\/div>\n<\/div>\n\n\n\n<section class=\"wp-block-group alignfull documents has-global-padding is-layout-constrained wp-block-group-is-layout-constrained\" id=\"documents\">\n<div class=\"wp-block-group is-nowrap is-layout-flex wp-container-core-group-is-layout-6c531013 wp-block-group-is-layout-flex\"><div class=\"post-list document_list  \">\n        <div class=\"posts\">\n\n<div class=\"wp-block-group is-nowrap is-layout-flex wp-container-core-group-is-layout-6c531013 wp-block-group-is-layout-flex\"><span class=\"documents-link document\">\n        <div class=\"post_link document_link\">\n            <img decoding=\"async\" src=\"https:\/\/stage.campbellsfoodservice.ca\/wp-content\/uploads\/2026\/01\/Campbells-service-alimentaire-gamme-complete-de-produits-automne-2025.jpg\" alt=\"Campbells service alimentaire Gamme complete de produits automne 2025\" \/>\n                            <div class=\"info\">\n                    <img decoding=\"async\" class=\"icon\" src=\"https:\/\/stage.campbellsfoodservice.ca\/wp-content\/uploads\/2026\/01\/icon-Full-Line-Brochure.png\" alt=\"icon Menu\" \/>\n                                        <h2>Gamme compl\u00e8te de produits<\/h2>\n                    <div class=\"description\">Votre partenaire pour nourrir et combler votre client\u00e8le.\n<\/div>\n                    <a target=\"_blank\" class=\"button\" >T\u00e9l\u00e9charger le PDF<\/a>\n                <\/div> \n            <\/div>\n    <\/span>\n        <\/div>\n\n<\/div>\n        <\/div>\n        \n\n\n<div class=\"wp-block-group is-vertical is-layout-flex wp-container-core-group-is-layout-d6b9ab57 wp-block-group-is-layout-flex\">\n<figure class=\"wp-block-image size-full is-resized\"><img loading=\"lazy\" decoding=\"async\" width=\"192\" height=\"190\" src=\"https:\/\/stage.campbellsfoodservice.ca\/wp-content\/uploads\/2026\/03\/icon-Chef-Hat-white.png\" alt=\"\" class=\"wp-image-13753\" style=\"width:auto;height:60px\"\/><\/figure>\n\n\n\n<h4 class=\"wp-block-heading\">Parlez \u00e0 un expert<\/h4>\n\n\n\n<p>Vous avez des questions sur nos nombreux produits ou nos recettes ? \u00c9crivez-nous et nous vous r\u00e9pondrons dans les plus brefs d\u00e9lais.<\/p>\n\n\n\n<div class=\"wp-block-buttons is-layout-flex wp-block-buttons-is-layout-flex\">\n<div class=\"wp-block-button is-style-fill\"><a class=\"wp-block-button__link wp-element-button\" href=\"https:\/\/stage.campbellsfoodservice.ca\/fr\/contactez-nous\/\">Contactez-nous<\/a><\/div>\n<\/div>\n<\/div>\n<\/div>\n<\/section>\n","protected":false},"excerpt":{"rendered":"<p>Des solutions adapt\u00e9es \u00e0 vos op\u00e9rations. Nous reconnaissons que les besoins en services alimentaires varient consid\u00e9rablement selon les segments \u2014 des exploitants ind\u00e9pendants aux comptes nationaux \u2014 c\u2019est pourquoi nous adaptons nos solutions \u00e0 vos besoins. De l\u2019inspiration pour votre entreprise, par Campbell\u2019s Foodservice. Des soupes ax\u00e9es sur la sant\u00e9 aux collations appr\u00e9ci\u00e9es des enfants, [&hellip;]<\/p>\n","protected":false},"author":14,"featured_media":0,"parent":0,"menu_order":0,"comment_status":"closed","ping_status":"closed","template":"","meta":{"featured_image_url":"https:\/\/campbells.widen.net\/content\/qxkosoy9s7\/original\/Baked-Lasagna-Soup.jpg","thumbnail_anchor_left":50,"thumbnail_anchor_top":50,"thumbnail_zoom":0,"footnotes":""},"class_list":["post-15713","page","type-page","status-publish","hentry"],"acf":[],"_links":{"self":[{"href":"https:\/\/stage.campbellsfoodservice.ca\/fr\/wp-json\/wp\/v2\/pages\/15713","targetHints":{"allow":["GET"]}}],"collection":[{"href":"https:\/\/stage.campbellsfoodservice.ca\/fr\/wp-json\/wp\/v2\/pages"}],"about":[{"href":"https:\/\/stage.campbellsfoodservice.ca\/fr\/wp-json\/wp\/v2\/types\/page"}],"author":[{"embeddable":true,"href":"https:\/\/stage.campbellsfoodservice.ca\/fr\/wp-json\/wp\/v2\/users\/14"}],"replies":[{"embeddable":true,"href":"https:\/\/stage.campbellsfoodservice.ca\/fr\/wp-json\/wp\/v2\/comments?post=15713"}],"version-history":[{"count":0,"href":"https:\/\/stage.campbellsfoodservice.ca\/fr\/wp-json\/wp\/v2\/pages\/15713\/revisions"}],"wp:attachment":[{"href":"https:\/\/stage.campbellsfoodservice.ca\/fr\/wp-json\/wp\/v2\/media?parent=15713"}],"curies":[{"name":"wp","href":"https:\/\/api.w.org\/{rel}","templated":true}]}}