

{"id":15717,"date":"2026-01-19T15:48:52","date_gmt":"2026-01-19T20:48:52","guid":{"rendered":"https:\/\/stage.campbellsfoodservice.ca\/?page_id=15717"},"modified":"2026-04-14T21:45:10","modified_gmt":"2026-04-15T01:45:10","slug":"secteur-commercial-et-industriel","status":"publish","type":"page","link":"https:\/\/stage.campbellsfoodservice.ca\/fr\/segments\/secteur-commercial-et-industriel\/","title":{"rendered":"Secteur commercial et industriel"},"content":{"rendered":"\n<div class=\"wp-block-group alignfull has-global-padding is-layout-constrained wp-block-group-is-layout-constrained\" style=\"padding-top:var(--wp--preset--spacing--70);padding-bottom:var(--wp--preset--spacing--70)\">\n<div class=\"wp-block-group title is-vertical is-content-justification-center is-layout-flex wp-container-core-group-is-layout-ce155fab wp-block-group-is-layout-flex\">\n<h2 class=\"wp-block-heading has-text-align-center\">Secteur commercial <br>et industriel<\/h2>\n\n\n\n<p class=\"has-text-align-center\">Des soupes et des sauces aux desserts en passant par les collations, Campbell\u2019s propose une gamme de produits \u00e0 multiples usages, parfaits pour la restauration commerciale et industrielle.<\/p>\n<\/div>\n<\/div>\n\n\n\n<section class=\"wp-block-group alignfull info has-accent-3-background-color has-background has-global-padding is-layout-constrained wp-block-group-is-layout-constrained\" style=\"border-bottom-color:var(--wp--preset--color--custom-border);border-bottom-width:1px;padding-top:var(--wp--preset--spacing--70);padding-bottom:var(--wp--preset--spacing--70)\">\n<div class=\"wp-block-group is-nowrap is-layout-flex wp-container-core-group-is-layout-81c3fb47 wp-block-group-is-layout-flex\">\n<div class=\"wp-block-group is-vertical is-layout-flex wp-container-core-group-is-layout-fe9cc265 wp-block-group-is-layout-flex\">\n<h2 class=\"wp-block-heading\">Options de restauration sur place<\/h2>\n\n\n\n<p>Des r\u00e9unions traiteur et des d\u00e9jeuners d\u2019affaires inspir\u00e9s par des chefs incitent employ\u00e9s et clients \u00e0 rester sur place \u00e0 chaque moment de repas.<\/p>\n<\/div>\n\n\n\n<figure class=\"wp-block-image size-full\"><img loading=\"lazy\" decoding=\"async\" width=\"1920\" height=\"1200\" src=\"https:\/\/stage.campbellsfoodservice.ca\/wp-content\/uploads\/2026\/03\/On-Site-Dining.jpg\" alt=\"Group of business people eating pizza at restaurant\" class=\"wp-image-13758\" style=\"object-fit:contain\" srcset=\"https:\/\/stage.campbellsfoodservice.ca\/wp-content\/uploads\/2026\/03\/On-Site-Dining.jpg 1920w, https:\/\/stage.campbellsfoodservice.ca\/wp-content\/uploads\/2026\/03\/On-Site-Dining-600x375.jpg 600w, https:\/\/stage.campbellsfoodservice.ca\/wp-content\/uploads\/2026\/03\/On-Site-Dining-1024x640.jpg 1024w, https:\/\/stage.campbellsfoodservice.ca\/wp-content\/uploads\/2026\/03\/On-Site-Dining-768x480.jpg 768w, https:\/\/stage.campbellsfoodservice.ca\/wp-content\/uploads\/2026\/03\/On-Site-Dining-1536x960.jpg 1536w\" sizes=\"auto, (max-width: 1920px) 100vw, 1920px\" \/><\/figure>\n<\/div>\n<\/section>\n\n\n\n<section class=\"wp-block-group alignfull info has-accent-3-background-color has-background has-global-padding is-layout-constrained wp-block-group-is-layout-constrained\" style=\"padding-top:var(--wp--preset--spacing--70);padding-bottom:var(--wp--preset--spacing--70)\">\n<div class=\"wp-block-group is-nowrap is-layout-flex wp-container-core-group-is-layout-81c3fb47 wp-block-group-is-layout-flex\">\n<div class=\"image\" style=\"overflow:hidden\"><img decoding=\"async\" style=\"transform:scale(100%);object-position:50% 50%;transform-origin:50% 50%\" alt=\"Secteur commercial et industriel image\" title=\"Secteur commercial et industriel image\" width=\"100%\" src=\"https:\/\/campbells.widen.net\/content\/qxkosoy9s7\/original\/Baked-Lasagna-Soup.jpg\"\/><\/div>\n\n\n\n<div class=\"wp-block-group is-vertical is-layout-flex wp-container-core-group-is-layout-fe9cc265 wp-block-group-is-layout-flex\">\n<h2 class=\"wp-block-heading\">Misez sur les bonnes solutions \u00e0 emporter<\/h2>\n\n\n\n<p>Les micro\u2011march\u00e9s gagnent en popularit\u00e9 dans le nouvel environnement d\u2019affaires d\u2019aujourd\u2019hui. R\u00e9pondez \u00e0 la demande pour des options pratiques et \u00e0 emporter gr\u00e2ce \u00e0 notre vaste gamme de collations, de soupes et de boissons.<\/p>\n<\/div>\n<\/div>\n<\/section>\n\n\n\n<div class=\"wp-block-group has-global-padding is-layout-constrained wp-block-group-is-layout-constrained\" style=\"padding-top:var(--wp--preset--spacing--60);padding-bottom:var(--wp--preset--spacing--60)\">\n<h2 class=\"wp-block-heading has-text-align-center\">De l\u2019inspiration pour le secteur des affaires et de l\u2019industrie<\/h2>\n\n\n<div class=\"post-list home_page_carousel  carousel\">\n        <div class=\"posts\">\n\n<div class=\"wp-block-group is-nowrap is-layout-flex wp-container-core-group-is-layout-6c531013 wp-block-group-is-layout-flex\"><span class=\"empty\">No post selected<\/span>\n        \n\n<span class=\"recipes-link simple\">\n        <a class=\"post_link\" >\n            <div class=\"featuredImage\"><img decoding=\"async\"  alt=\"P\u00e2t\u00e9 au homard cuit au four\" title=\"P\u00e2t\u00e9 au homard cuit au four\" src=\"https:\/\/campbells.widen.net\/content\/vivvo3uufx\/jpeg\/Baked-Lobster-Pot-Pie.jpg?crop=true&#038;w=600\" style=\"object-position: 42% 85%; transform-origin: 42% 85%; transform:scale(130%);\" \/><\/div>            <h4>Recette<\/h4>\n                                        <h3>P\u00e2t\u00e9 au homard cuit au four<\/h3>\n                \n                <p><\/p>\n                <span class=\"more\">\n                <span class=\"learn_more\">Savoir plus<\/span>    \n                <\/span>\n            <\/a>\n    <\/span>\n        \n\n<span class=\"recipes-link simple\">\n        <a class=\"post_link\" >\n            <div class=\"featuredImage\"><img decoding=\"async\"  alt=\"Pommes de terre rissol\u00e9es au bacon, au chou-fleur et au cheddar blanc vieilli\" title=\"Pommes de terre rissol\u00e9es au bacon, au chou-fleur et au cheddar blanc vieilli\" src=\"https:\/\/campbells.widen.net\/content\/8gjy7kbhlw\/jpeg\/Aged-White-Cheddar-Cauliflower-Bacon-Hashbrowns.jpg?crop=true&#038;w=600\" style=\"object-position: 50% 50%; transform-origin: 50% 50%; transform:scale(100%);\" \/><\/div>            <h4>Recette<\/h4>\n                                        <h3>Pommes de terre rissol\u00e9es au bacon, au chou-fleur et au cheddar blanc vieilli<\/h3>\n                \n                <p>Variation originale des pommes de terre rissol\u00e9es classiques, ces pommes de terre rissol\u00e9es au bacon, au chou-fleur et au cheddar blanc vieilli combinent du bacon croustillant, du cheddar fort, des oignons saut\u00e9s et du chou-fleur, pour cr\u00e9er un plat au fromage savoureux et l\u00e9g\u00e8rement plus sain. Parfaitement croustillant \u00e0 l\u2019ext\u00e9rieur et tendre \u00e0 l\u2019int\u00e9rieur!<\/p>\n                <span class=\"more\">\n                <span class=\"learn_more\">Savoir plus<\/span>    \n                <\/span>\n            <\/a>\n    <\/span>\n        \n\n<span class=\"recipes-link simple\">\n        <a class=\"post_link\" >\n            <div class=\"featuredImage\"><img decoding=\"async\"  alt=\"Strata aux asperges, au fromage de ch\u00e8vre et \u00e0 la pancetta\" title=\"Strata aux asperges, au fromage de ch\u00e8vre et \u00e0 la pancetta\" src=\"https:\/\/campbells.widen.net\/content\/upwwgkn2hq\/jpeg\/Asparagus-Strata-with-Goat--Cheese-and-Pancetta.jpg?crop=true&#038;w=600\" style=\"object-position: 50% 50%; transform-origin: 50% 50%; transform:scale(100%);\" \/><\/div>            <h4>Recette<\/h4>\n                                        <h3>Strata aux asperges, au fromage de ch\u00e8vre et \u00e0 la pancetta<\/h3>\n                \n                <p>Cette strataest rehauss\u00e9e avec des asperges croquantes, de la pancetta fum\u00e9e et du fromage de ch\u00e8vre au go\u00fbt piquant, nich\u00e9e dans du pain au levain rustique et enrob\u00e9 d\u2019une riche cr\u00e8me aux oeufs m\u00e9lang\u00e9e \u00e0 notre velout\u00e9 de poireau et pomme de terre Signature. Une touche de parmesan ajoute de la profondeur et une finale savoureuse.<\/p>\n                <span class=\"more\">\n                <span class=\"learn_more\">Savoir plus<\/span>    \n                <\/span>\n            <\/a>\n    <\/span>\n        <\/div>\n\n<\/div>\n        <\/div>\n        <\/div>\n\n\n\n<div class=\"wp-block-group alignfull has-accent-3-background-color has-background has-global-padding is-layout-constrained wp-block-group-is-layout-constrained\" style=\"padding-top:var(--wp--preset--spacing--70);padding-bottom:var(--wp--preset--spacing--70)\">\n<h3 class=\"wp-block-heading has-text-align-center\">Explorer d\u2019autres segments<\/h3>\n\n\n\n<div class=\"wp-block-group divided is-nowrap is-layout-flex wp-container-core-group-is-layout-d6d7b567 wp-block-group-is-layout-flex\" style=\"border-style:none;border-width:0px;margin-top:var(--wp--preset--spacing--60);margin-bottom:0;padding-top:0;padding-bottom:0\">\n<div class=\"wp-block-group is-vertical is-content-justification-center is-layout-flex wp-container-core-group-is-layout-ce155fab wp-block-group-is-layout-flex\">\n<figure class=\"wp-block-image size-full is-resized\"><img loading=\"lazy\" decoding=\"async\" width=\"190\" height=\"190\" src=\"https:\/\/stage.campbellsfoodservice.ca\/wp-content\/uploads\/2026\/03\/icon-Restaurants.png\" alt=\"icon Chef Hat\" class=\"wp-image-13744\" style=\"width:auto;height:60px\"\/><\/figure>\n\n\n\n<h4 class=\"wp-block-heading has-text-align-center\">Restaurants<\/h4>\n\n\n\n<p class=\"has-text-align-center\">Les go\u00fbts \u00e9voluent constamment. Campbell\u2019s Foodservice est l\u00e0 pour \u00eatre votre partenaire expert afin d\u2019accro\u00eetre la satisfaction de vos clients \u2014 et votre rentabilit\u00e9 \u2014 gr\u00e2ce \u00e0 des produits pratiques qui r\u00e9duisent la main\u2011d\u2019\u0153uvre et \u00e0 des marques phares que vos clients adorent.<\/p>\n\n\n\n<p class=\"more\"><a href=\"https:\/\/stage.campbellsfoodservice.ca\/fr\/segments\/restaurants\/\" data-type=\"page\" data-id=\"12883\">En savoir plus<\/a><\/p>\n<\/div>\n\n\n\n<div class=\"wp-block-group is-vertical is-content-justification-center is-layout-flex wp-container-core-group-is-layout-ce155fab wp-block-group-is-layout-flex\">\n<figure class=\"wp-block-image size-full is-resized\"><img loading=\"lazy\" decoding=\"async\" width=\"190\" height=\"190\" src=\"https:\/\/stage.campbellsfoodservice.ca\/wp-content\/uploads\/2026\/03\/icon-Healthcare.png\" alt=\"icon Stethoscope\" class=\"wp-image-13745\" style=\"width:auto;height:60px\"\/><\/figure>\n\n\n\n<h4 class=\"wp-block-heading has-text-align-center\">Soins de sant\u00e9<\/h4>\n\n\n\n<p class=\"has-text-align-center\">Pour des plats faciles \u00e0 pr\u00e9parer et \u00e0 forte valeur ajout\u00e9e, qui trouvent l\u2019\u00e9quilibre entre saveur et valeur nutritive, vous pouvez compter sur nos produits pour s\u2019int\u00e9grer parfaitement \u00e0 vos op\u00e9rations en soins de sant\u00e9.<\/p>\n\n\n\n<p class=\"more\"><a href=\"https:\/\/stage.campbellsfoodservice.ca\/fr\/segments\/soins-de-sante\/\" data-type=\"page\" data-id=\"12881\">En savoir plus<\/a><\/p>\n<\/div>\n\n\n\n<div class=\"wp-block-group is-vertical is-content-justification-center is-layout-flex wp-container-core-group-is-layout-ce155fab wp-block-group-is-layout-flex\">\n<figure class=\"wp-block-image size-full is-resized\"><img loading=\"lazy\" decoding=\"async\" width=\"230\" height=\"190\" src=\"https:\/\/stage.campbellsfoodservice.ca\/wp-content\/uploads\/2026\/03\/icon-University.png\" alt=\"icon Open Book\" class=\"wp-image-13742\" style=\"width:auto;height:60px\"\/><\/figure>\n\n\n\n<h4 class=\"wp-block-heading has-text-align-center\">\u00c9tablissement d\u2019enseignement postsecondaire<\/h4>\n\n\n\n<p class=\"has-text-align-center\">Que vous recherchiez les meilleurs ingr\u00e9dients de base de chaque cat\u00e9gorie pour des plats de r\u00e9fectoire ou des collations \u00e0 emporter destin\u00e9es aux d\u00e9panneurs et distributeurs du campus, Campbell\u2019s a exactement ce qu\u2019il vous faut.<\/p>\n\n\n\n<p class=\"more\"><a href=\"https:\/\/stage.campbellsfoodservice.ca\/fr\/etablissement-denseignement-postsecondaire\/\" data-type=\"page\" data-id=\"12879\">En savoir plus<\/a><\/p>\n<\/div>\n<\/div>\n<\/div>\n\n\n\n<section class=\"wp-block-group alignfull documents has-global-padding is-layout-constrained wp-block-group-is-layout-constrained\" id=\"documents\">\n<div class=\"wp-block-group is-nowrap is-layout-flex wp-container-core-group-is-layout-6c531013 wp-block-group-is-layout-flex\"><div class=\"post-list document_list  \">\n        <div class=\"posts\">\n\n<div class=\"wp-block-group is-nowrap is-layout-flex wp-container-core-group-is-layout-6c531013 wp-block-group-is-layout-flex\"><span class=\"documents-link document\">\n        <div class=\"post_link document_link\">\n            <img decoding=\"async\" src=\"https:\/\/stage.campbellsfoodservice.ca\/wp-content\/uploads\/2026\/01\/Campbells-service-alimentaire-gamme-complete-de-produits-automne-2025.jpg\" alt=\"Campbells service alimentaire Gamme complete de produits automne 2025\" \/>\n                            <div class=\"info\">\n                    <img decoding=\"async\" class=\"icon\" src=\"https:\/\/stage.campbellsfoodservice.ca\/wp-content\/uploads\/2026\/01\/icon-Full-Line-Brochure.png\" alt=\"icon Menu\" \/>\n                                        <h2>Gamme compl\u00e8te de produits<\/h2>\n                    <div class=\"description\">Votre partenaire pour nourrir et combler votre client\u00e8le.\n<\/div>\n                    <a target=\"_blank\" class=\"button\" >T\u00e9l\u00e9charger le PDF<\/a>\n                <\/div> \n            <\/div>\n    <\/span>\n        <\/div>\n\n<\/div>\n        <\/div>\n        \n\n\n<div class=\"wp-block-group is-vertical is-layout-flex wp-container-core-group-is-layout-d6b9ab57 wp-block-group-is-layout-flex\">\n<figure class=\"wp-block-image size-full is-resized\"><img loading=\"lazy\" decoding=\"async\" width=\"192\" height=\"190\" src=\"https:\/\/stage.campbellsfoodservice.ca\/wp-content\/uploads\/2026\/03\/icon-Chef-Hat-white.png\" alt=\"icon Chef Hat - White\" class=\"wp-image-13753\" style=\"width:auto;height:60px\"\/><\/figure>\n\n\n\n<h4 class=\"wp-block-heading\">Parlez \u00e0 un expert<\/h4>\n\n\n\n<p>Vous avez des questions sur nos nombreux produits ou nos recettes ? \u00c9crivez-nous et nous vous r\u00e9pondrons dans les plus brefs d\u00e9lais.<\/p>\n\n\n\n<div class=\"wp-block-buttons is-layout-flex wp-block-buttons-is-layout-flex\">\n<div class=\"wp-block-button is-style-fill\"><a class=\"wp-block-button__link wp-element-button\" href=\"https:\/\/stage.campbellsfoodservice.ca\/fr\/contactez-nous\/\">Contactez-nous<\/a><\/div>\n<\/div>\n<\/div>\n<\/div>\n<\/section>\n","protected":false},"excerpt":{"rendered":"<p>Secteur commercial et industriel Des soupes et des sauces aux desserts en passant par les collations, Campbell\u2019s propose une gamme de produits \u00e0 multiples usages, parfaits pour la restauration commerciale et industrielle. Options de restauration sur place Des r\u00e9unions traiteur et des d\u00e9jeuners d\u2019affaires inspir\u00e9s par des chefs incitent employ\u00e9s et clients \u00e0 rester sur [&hellip;]<\/p>\n","protected":false},"author":14,"featured_media":0,"parent":15713,"menu_order":0,"comment_status":"closed","ping_status":"closed","template":"","meta":{"featured_image_url":"","thumbnail_anchor_left":0,"thumbnail_anchor_top":0,"thumbnail_zoom":0,"footnotes":""},"class_list":["post-15717","page","type-page","status-publish","hentry"],"acf":[],"_links":{"self":[{"href":"https:\/\/stage.campbellsfoodservice.ca\/fr\/wp-json\/wp\/v2\/pages\/15717","targetHints":{"allow":["GET"]}}],"collection":[{"href":"https:\/\/stage.campbellsfoodservice.ca\/fr\/wp-json\/wp\/v2\/pages"}],"about":[{"href":"https:\/\/stage.campbellsfoodservice.ca\/fr\/wp-json\/wp\/v2\/types\/page"}],"author":[{"embeddable":true,"href":"https:\/\/stage.campbellsfoodservice.ca\/fr\/wp-json\/wp\/v2\/users\/14"}],"replies":[{"embeddable":true,"href":"https:\/\/stage.campbellsfoodservice.ca\/fr\/wp-json\/wp\/v2\/comments?post=15717"}],"version-history":[{"count":0,"href":"https:\/\/stage.campbellsfoodservice.ca\/fr\/wp-json\/wp\/v2\/pages\/15717\/revisions"}],"up":[{"embeddable":true,"href":"https:\/\/stage.campbellsfoodservice.ca\/fr\/wp-json\/wp\/v2\/pages\/15713"}],"wp:attachment":[{"href":"https:\/\/stage.campbellsfoodservice.ca\/fr\/wp-json\/wp\/v2\/media?parent=15717"}],"curies":[{"name":"wp","href":"https:\/\/api.w.org\/{rel}","templated":true}]}}