

{"id":15768,"date":"2026-01-19T15:53:37","date_gmt":"2026-01-19T20:53:37","guid":{"rendered":"https:\/\/stage.campbellsfoodservice.ca\/?page_id=15768"},"modified":"2026-04-21T15:10:54","modified_gmt":"2026-04-21T19:10:54","slug":"soins-de-sante","status":"publish","type":"page","link":"https:\/\/stage.campbellsfoodservice.ca\/fr\/segments\/soins-de-sante\/","title":{"rendered":"Soins de sant\u00e9"},"content":{"rendered":"\n<div class=\"wp-block-group alignfull has-global-padding is-layout-constrained wp-block-group-is-layout-constrained\" style=\"padding-top:var(--wp--preset--spacing--70);padding-bottom:var(--wp--preset--spacing--70)\">\n<div class=\"wp-block-group title is-vertical is-content-justification-center is-layout-flex wp-container-core-group-is-layout-ce155fab wp-block-group-is-layout-flex\">\n<h2 class=\"wp-block-heading has-text-align-center\">Des solutions de sant\u00e9<\/h2>\n\n\n\n<p class=\"has-text-align-center\">Pour des plats simples \u00e0 pr\u00e9parer et \u00e0 forte marge, qui allient saveur et nutrition, vous pouvez compter sur nos produits pour s&rsquo;int\u00e9grer parfaitement \u00e0 votre activit\u00e9 dans le secteur de la sant\u00e9.<\/p>\n<\/div>\n<\/div>\n\n\n\n<div class=\"wp-block-group alignfull has-accent-3-background-color has-background has-global-padding is-layout-constrained wp-block-group-is-layout-constrained\" style=\"padding-top:var(--wp--preset--spacing--60);padding-bottom:var(--wp--preset--spacing--60)\">\n<div class=\"wp-block-columns is-layout-flex wp-container-core-columns-is-layout-658170e2 wp-block-columns-is-layout-flex\">\n<div class=\"wp-block-column is-layout-flow wp-block-column-is-layout-flow\">\n<figure class=\"wp-block-image size-full\"><img loading=\"lazy\" decoding=\"async\" width=\"848\" height=\"680\" src=\"https:\/\/stage.campbellsfoodservice.ca\/wp-content\/uploads\/2026\/03\/Long-Term-Care.jpg\" alt=\"Long-Term Care\" class=\"wp-image-13771\" srcset=\"https:\/\/stage.campbellsfoodservice.ca\/wp-content\/uploads\/2026\/03\/Long-Term-Care.jpg 848w, https:\/\/stage.campbellsfoodservice.ca\/wp-content\/uploads\/2026\/03\/Long-Term-Care-600x481.jpg 600w, https:\/\/stage.campbellsfoodservice.ca\/wp-content\/uploads\/2026\/03\/Long-Term-Care-768x616.jpg 768w\" sizes=\"auto, (max-width: 848px) 100vw, 848px\" \/><\/figure>\n\n\n\n<h4 class=\"wp-block-heading\">Soins de longue dur\u00e9e<\/h4>\n\n\n\n<p>Mealtime is an important highlight in long-term care. We\u2019re committed to helping you balance food and beverage costs as well as ease strain on your labour while making the best possible dining experience for your residents.<\/p>\n<\/div>\n\n\n\n<div class=\"wp-block-column is-layout-flow wp-block-column-is-layout-flow\">\n<figure class=\"wp-block-image size-full\"><img loading=\"lazy\" decoding=\"async\" width=\"848\" height=\"680\" src=\"https:\/\/stage.campbellsfoodservice.ca\/wp-content\/uploads\/2026\/03\/Senior-Living.jpg\" alt=\"Senior Living Residence\" class=\"wp-image-13772\" srcset=\"https:\/\/stage.campbellsfoodservice.ca\/wp-content\/uploads\/2026\/03\/Senior-Living.jpg 848w, https:\/\/stage.campbellsfoodservice.ca\/wp-content\/uploads\/2026\/03\/Senior-Living-600x481.jpg 600w, https:\/\/stage.campbellsfoodservice.ca\/wp-content\/uploads\/2026\/03\/Senior-Living-768x616.jpg 768w\" sizes=\"auto, (max-width: 848px) 100vw, 848px\" \/><\/figure>\n\n\n\n<h4 class=\"wp-block-heading\">R\u00e9sidences pour personnes \u00e2g\u00e9es<\/h4>\n\n\n\n<p>Nous savons combien il est important de satisfaire chacun de vos clients. Nous sommes l\u00e0 pour vous aider \u00e0 r\u00e9pondre \u00e0 vos besoins et pr\u00e9f\u00e9rences alimentaires, et \u00e0 r\u00e9duire vos co\u00fbts de main-d&rsquo;\u0153uvre gr\u00e2ce \u00e0 des produits que vous serez fier de proposer \u00e0 votre menu.<\/p>\n<\/div>\n\n\n\n<div class=\"wp-block-column is-layout-flow wp-block-column-is-layout-flow\">\n<figure class=\"wp-block-image size-full\"><img loading=\"lazy\" decoding=\"async\" width=\"848\" height=\"680\" src=\"https:\/\/stage.campbellsfoodservice.ca\/wp-content\/uploads\/2026\/03\/Hospitals.jpg\" alt=\"Hospitals\" class=\"wp-image-13773\" srcset=\"https:\/\/stage.campbellsfoodservice.ca\/wp-content\/uploads\/2026\/03\/Hospitals.jpg 848w, https:\/\/stage.campbellsfoodservice.ca\/wp-content\/uploads\/2026\/03\/Hospitals-600x481.jpg 600w, https:\/\/stage.campbellsfoodservice.ca\/wp-content\/uploads\/2026\/03\/Hospitals-768x616.jpg 768w\" sizes=\"auto, (max-width: 848px) 100vw, 848px\" \/><\/figure>\n\n\n\n<h4 class=\"wp-block-heading\">H\u00f4pitaux<\/h4>\n\n\n\n<p>Faites plaisir aux patients, au personnel et aux visiteurs avec des id\u00e9es de menu et des produits qui vous aideront \u00e0 r\u00e9duire les co\u00fbts de main-d\u2019\u0153uvre sans sacrifier la saveur et la qualit\u00e9.<\/p>\n<\/div>\n<\/div>\n<\/div>\n\n\n\n<div class=\"wp-block-group has-global-padding is-layout-constrained wp-block-group-is-layout-constrained\" style=\"padding-top:var(--wp--preset--spacing--60);padding-bottom:var(--wp--preset--spacing--40)\">\n<h2 class=\"wp-block-heading has-text-align-center\">Marques de soins de sant\u00e9<\/h2>\n\n\n\n<figure class=\"wp-block-image aligncenter size-large is-resized\"><img loading=\"lazy\" decoding=\"async\" width=\"1024\" height=\"393\" src=\"https:\/\/stage.campbellsfoodservice.ca\/wp-content\/uploads\/2026\/04\/Campbells-collection-de-texture-modifiee-1024x393.png\" alt=\"Campbell\u2018sMD Collection de texture modifiee\" class=\"wp-image-15645\" style=\"width:260px\" srcset=\"https:\/\/stage.campbellsfoodservice.ca\/wp-content\/uploads\/2026\/04\/Campbells-collection-de-texture-modifiee-1024x393.png 1024w, https:\/\/stage.campbellsfoodservice.ca\/wp-content\/uploads\/2026\/04\/Campbells-collection-de-texture-modifiee-600x230.png 600w, https:\/\/stage.campbellsfoodservice.ca\/wp-content\/uploads\/2026\/04\/Campbells-collection-de-texture-modifiee-768x294.png 768w, https:\/\/stage.campbellsfoodservice.ca\/wp-content\/uploads\/2026\/04\/Campbells-collection-de-texture-modifiee.png 1080w\" sizes=\"auto, (max-width: 1024px) 100vw, 1024px\" \/><\/figure>\n<\/div>\n\n\n\n<div class=\"wp-block-group alignfull brandGrid has-global-padding is-layout-constrained wp-container-core-group-is-layout-b64aaeae wp-block-group-is-layout-constrained\" style=\"padding-top:var(--wp--preset--spacing--40);padding-bottom:var(--wp--preset--spacing--60)\">\n<div class=\"wp-block-group is-layout-flow wp-block-group-is-layout-flow\" style=\"padding-top:var(--wp--preset--spacing--40);padding-right:var(--wp--preset--spacing--40);padding-bottom:var(--wp--preset--spacing--40);padding-left:var(--wp--preset--spacing--40)\">\n<figure class=\"wp-block-image aligncenter size-full is-resized\"><img loading=\"lazy\" decoding=\"async\" width=\"930\" height=\"264\" src=\"https:\/\/stage.campbellsfoodservice.ca\/wp-content\/uploads\/2026\/04\/Campbells-Primepuree-fr.png\" alt=\"Campbell\u2018s primepuree\" class=\"wp-image-15771\" style=\"width:auto;height:70px\" srcset=\"https:\/\/stage.campbellsfoodservice.ca\/wp-content\/uploads\/2026\/04\/Campbells-Primepuree-fr.png 930w, https:\/\/stage.campbellsfoodservice.ca\/wp-content\/uploads\/2026\/04\/Campbells-Primepuree-fr-600x170.png 600w, https:\/\/stage.campbellsfoodservice.ca\/wp-content\/uploads\/2026\/04\/Campbells-Primepuree-fr-768x218.png 768w\" sizes=\"auto, (max-width: 930px) 100vw, 930px\" \/><\/figure>\n\n\n\n<p class=\"has-text-align-center\">Les aliments <em>Primepuree<\/em><sup>MD<\/sup> fournissent les prot\u00e9ines n\u00e9cessaires dont vos patients et vos r\u00e9sidents ont besoin et sont confectionn\u00e9s avec des ingr\u00e9dients de la plus haute qualit\u00e9 pr\u00e9sent\u00e9s en fine pur\u00e9e.<\/p>\n\n\n\n<p class=\"has-text-align-center more\"><a href=\"\" data-type=\"brand\" data-id=\"87\">Learn more<\/a><\/p>\n<\/div>\n\n\n\n<div class=\"wp-block-group is-layout-flow wp-block-group-is-layout-flow\" style=\"padding-top:var(--wp--preset--spacing--40);padding-right:var(--wp--preset--spacing--40);padding-bottom:var(--wp--preset--spacing--40);padding-left:var(--wp--preset--spacing--40)\">\n<figure class=\"wp-block-image aligncenter size-full is-resized\"><img loading=\"lazy\" decoding=\"async\" width=\"1016\" height=\"280\" src=\"https:\/\/stage.campbellsfoodservice.ca\/wp-content\/uploads\/2026\/04\/Campbells-primehachefin.png\" alt=\"Campbell\u2018s Primehach\u00e9finMD\" class=\"wp-image-15769\" style=\"width:auto;height:70px\" srcset=\"https:\/\/stage.campbellsfoodservice.ca\/wp-content\/uploads\/2026\/04\/Campbells-primehachefin.png 1016w, https:\/\/stage.campbellsfoodservice.ca\/wp-content\/uploads\/2026\/04\/Campbells-primehachefin-600x165.png 600w, https:\/\/stage.campbellsfoodservice.ca\/wp-content\/uploads\/2026\/04\/Campbells-primehachefin-768x212.png 768w\" sizes=\"auto, (max-width: 1016px) 100vw, 1016px\" \/><\/figure>\n\n\n\n<p class=\"has-text-align-center\">Les aliments <em>Primehach\u00e9fin<\/em><sup>MD<\/sup> offrent tous les avantages des prot\u00e9ines hach\u00e9es finement pour une consommation et une satisfaction maximales. Chaque option est faite de coupes de viandes et de volailles de choix assaisonn\u00e9es \u00e0 la perfection.<\/p>\n\n\n\n<p class=\"has-text-align-center more\"><a href=\"\" data-type=\"brand\" data-id=\"87\">Learn more<\/a><\/p>\n<\/div>\n\n\n\n<div class=\"wp-block-group is-layout-flow wp-block-group-is-layout-flow\" style=\"padding-top:var(--wp--preset--spacing--40);padding-right:var(--wp--preset--spacing--40);padding-bottom:var(--wp--preset--spacing--40);padding-left:var(--wp--preset--spacing--40)\">\n<figure class=\"wp-block-image aligncenter size-full is-resized\"><img loading=\"lazy\" decoding=\"async\" width=\"625\" height=\"265\" src=\"https:\/\/stage.campbellsfoodservice.ca\/wp-content\/uploads\/2025\/11\/Campbells-Trepuree.png\" alt=\"Campbell's Trepuree\" class=\"wp-image-10457\" style=\"width:auto;height:70px\" srcset=\"https:\/\/stage.campbellsfoodservice.ca\/wp-content\/uploads\/2025\/11\/Campbells-Trepuree.png 625w, https:\/\/stage.campbellsfoodservice.ca\/wp-content\/uploads\/2025\/11\/Campbells-Trepuree-600x254.png 600w\" sizes=\"auto, (max-width: 625px) 100vw, 625px\" \/><\/figure>\n\n\n\n<p class=\"has-text-align-center\"><em>Trepuree<\/em><sup>MD <\/sup>a fourni aux patients et r\u00e9sidents des exp\u00e9riences de repas nourrissants, sains et m\u00e9morables. Chaque repas surgel\u00e9 individuel en pur\u00e9e offre un excellent go\u00fbt, la valeur nutritive, une pr\u00e9sentation attrayante et la vari\u00e9t\u00e9 pour les personnes atteintes de dysphagie.<\/p>\n\n\n\n<p class=\"has-text-align-center more\"><a href=\"\" data-type=\"brand\" data-id=\"87\">Learn more<\/a><\/p>\n<\/div>\n\n\n\n<div class=\"wp-block-group is-layout-flow wp-block-group-is-layout-flow\" style=\"padding-top:var(--wp--preset--spacing--40);padding-right:var(--wp--preset--spacing--40);padding-bottom:var(--wp--preset--spacing--40);padding-left:var(--wp--preset--spacing--40)\">\n<figure class=\"wp-block-image aligncenter size-full is-resized\"><img loading=\"lazy\" decoding=\"async\" width=\"1080\" height=\"408\" src=\"https:\/\/stage.campbellsfoodservice.ca\/wp-content\/uploads\/2025\/11\/Cambpells-manger-intelligemment-soupes.png\" alt=\"Campbell's Manger Intelligemment Soupes\" class=\"wp-image-9513\" style=\"width:auto;height:80px\" srcset=\"https:\/\/stage.campbellsfoodservice.ca\/wp-content\/uploads\/2025\/11\/Cambpells-manger-intelligemment-soupes.png 1080w, https:\/\/stage.campbellsfoodservice.ca\/wp-content\/uploads\/2025\/11\/Cambpells-manger-intelligemment-soupes-600x227.png 600w, https:\/\/stage.campbellsfoodservice.ca\/wp-content\/uploads\/2025\/11\/Cambpells-manger-intelligemment-soupes-1024x387.png 1024w, https:\/\/stage.campbellsfoodservice.ca\/wp-content\/uploads\/2025\/11\/Cambpells-manger-intelligemment-soupes-768x290.png 768w\" sizes=\"auto, (max-width: 1080px) 100vw, 1080px\" \/><\/figure>\n\n\n\n<p class=\"has-text-align-center\">Les soupes sant\u00e9 <em>Manger intelligemment<\/em><sup>MD<\/sup> de <em>Campbell\u2019s<\/em><sup>\u00ae<\/sup> sont des choix d\u00e9licieux pour les consommateurs d\u00e9sireux d\u2019adopter un style de vie plus \u00e9quilibr\u00e9.<\/p>\n\n\n\n<p class=\"has-text-align-center more\"><a href=\"\" data-type=\"brand\" data-id=\"87\">Learn more<\/a><\/p>\n<\/div>\n\n\n\n<div class=\"wp-block-group is-layout-flow wp-block-group-is-layout-flow\" style=\"padding-top:var(--wp--preset--spacing--40);padding-right:var(--wp--preset--spacing--40);padding-bottom:var(--wp--preset--spacing--40);padding-left:var(--wp--preset--spacing--40)\">\n<figure class=\"wp-block-image aligncenter size-full is-resized\"><img loading=\"lazy\" decoding=\"async\" width=\"1080\" height=\"444\" src=\"https:\/\/stage.campbellsfoodservice.ca\/wp-content\/uploads\/2025\/11\/Cambpells-soupes-classique.png\" alt=\"Campbell's Soupes Classique\" class=\"wp-image-9514\" style=\"width:auto;height:80px\" srcset=\"https:\/\/stage.campbellsfoodservice.ca\/wp-content\/uploads\/2025\/11\/Cambpells-soupes-classique.png 1080w, https:\/\/stage.campbellsfoodservice.ca\/wp-content\/uploads\/2025\/11\/Cambpells-soupes-classique-600x247.png 600w, https:\/\/stage.campbellsfoodservice.ca\/wp-content\/uploads\/2025\/11\/Cambpells-soupes-classique-1024x421.png 1024w, https:\/\/stage.campbellsfoodservice.ca\/wp-content\/uploads\/2025\/11\/Cambpells-soupes-classique-768x316.png 768w\" sizes=\"auto, (max-width: 1080px) 100vw, 1080px\" \/><\/figure>\n\n\n\n<p class=\"has-text-align-center\">Servir \u00e0 vos clients les soupes qu\u2019ils connaissent et aiment est simple. Avec les soupes <em>Campbell\u2019s<\/em><sup>\u00ae<\/sup> Classique, vous pourrez facilement mettre des saveurs intemporelles sur la table, bol apr\u00e8s bol.<\/p>\n\n\n\n<p class=\"has-text-align-center more\"><a href=\"\" data-type=\"brand\" data-id=\"87\">Learn more<\/a><\/p>\n<\/div>\n<\/div>\n\n\n\n<div class=\"wp-block-group alignfull has-accent-3-background-color has-background has-global-padding is-layout-constrained wp-block-group-is-layout-constrained\" style=\"padding-top:var(--wp--preset--spacing--60);padding-bottom:var(--wp--preset--spacing--60)\">\n<div class=\"wp-block-columns is-layout-flex wp-container-core-columns-is-layout-cbe57604 wp-block-columns-is-layout-flex\">\n<div class=\"wp-block-column is-layout-flow wp-block-column-is-layout-flow\" style=\"flex-basis:40%\">\n<h4 class=\"wp-block-heading\">Campbell\u2019s est fier d\u2019\u00eatre commanditaire Or de l\u2019IDDSI<\/h4>\n<\/div>\n\n\n\n<div class=\"wp-block-column is-layout-flow wp-block-column-is-layout-flow\" style=\"flex-basis:60%\">\n<p>*Les produits de niveau [X] et de niveau [X] ont \u00e9t\u00e9 \u00e9valu\u00e9s selon les crit\u00e8res du cadre critique de l\u2019IDDSI, conform\u00e9ment aux instructions de chauffage indiqu\u00e9es sur l\u2019\u00e9tiquette et au maintien en service \u00e0 une temp\u00e9rature comprise entre 140\u202f\u00b0F (60\u202f\u00b0C) et 150\u202f\u00b0F (65\u202f\u00b0C).<\/p>\n<\/div>\n<\/div>\n<\/div>\n\n\n\n<div class=\"wp-block-group has-global-padding is-layout-constrained wp-block-group-is-layout-constrained\" style=\"padding-top:var(--wp--preset--spacing--60);padding-bottom:var(--wp--preset--spacing--60)\">\n<h2 class=\"wp-block-heading has-text-align-center\">Inspiration pour la restauration collective dans le secteur de la sant\u00e9<\/h2>\n\n\n<div class=\"post-list home_page_carousel  carousel\">\n        <div class=\"posts\">\n\n<div class=\"wp-block-group is-nowrap is-layout-flex wp-container-core-group-is-layout-6c531013 wp-block-group-is-layout-flex\"><span class=\"recipes-link simple\">\n        <a class=\"post_link\" >\n            <div class=\"featuredImage\"><img decoding=\"async\"  alt=\"Soupe \u00e0 la lasagne cuite au four\" title=\"Soupe \u00e0 la lasagne cuite au four\" src=\"https:\/\/campbells.widen.net\/content\/qxkosoy9s7\/jpeg\/Baked-Lasagna-Soup.jpg?crop=true&#038;w=600\" \/><\/div>            <h4>Recette<\/h4>\n                                        <h3>Soupe \u00e0 la lasagne cuite au four<\/h3>\n                \n                <p>Toutes les saveurs r\u00e9confortantes de la lasagne classique dans une soupe riche \u00e0 base de tomate, avec p\u00e2tes et fromage.<\/p>\n                <span class=\"more\">\n                <span class=\"learn_more\">Savoir plus<\/span>    \n                <\/span>\n            <\/a>\n    <\/span>\n        \n\n<span class=\"recipes-link simple\">\n        <a class=\"post_link\" >\n            <div class=\"featuredImage\"><img decoding=\"async\"  alt=\"P\u00e2t\u00e9 au homard cuit au four\" title=\"P\u00e2t\u00e9 au homard cuit au four\" src=\"https:\/\/campbells.widen.net\/content\/vivvo3uufx\/jpeg\/Baked-Lobster-Pot-Pie.jpg?crop=true&#038;w=600\" style=\"object-position: 42% 85%; transform-origin: 42% 85%; transform:scale(130%);\" \/><\/div>            <h4>Recette<\/h4>\n                                        <h3>P\u00e2t\u00e9 au homard cuit au four<\/h3>\n                \n                <p><\/p>\n                <span class=\"more\">\n                <span class=\"learn_more\">Savoir plus<\/span>    \n                <\/span>\n            <\/a>\n    <\/span>\n        \n\n<span class=\"recipes-link simple\">\n        <a class=\"post_link\" >\n            <div class=\"featuredImage\"><img decoding=\"async\"  alt=\"Pommes de terre rissol\u00e9es au bacon, au chou-fleur et au cheddar blanc vieilli\" title=\"Pommes de terre rissol\u00e9es au bacon, au chou-fleur et au cheddar blanc vieilli\" src=\"https:\/\/campbells.widen.net\/content\/8gjy7kbhlw\/jpeg\/Aged-White-Cheddar-Cauliflower-Bacon-Hashbrowns.jpg?crop=true&#038;w=600\" style=\"object-position: 50% 50%; transform-origin: 50% 50%; transform:scale(100%);\" \/><\/div>            <h4>Recette<\/h4>\n                                        <h3>Pommes de terre rissol\u00e9es au bacon, au chou-fleur et au cheddar blanc vieilli<\/h3>\n                \n                <p>Variation originale des pommes de terre rissol\u00e9es classiques, ces pommes de terre rissol\u00e9es au bacon, au chou-fleur et au cheddar blanc vieilli combinent du bacon croustillant, du cheddar fort, des oignons saut\u00e9s et du chou-fleur, pour cr\u00e9er un plat au fromage savoureux et l\u00e9g\u00e8rement plus sain. Parfaitement croustillant \u00e0 l\u2019ext\u00e9rieur et tendre \u00e0 l\u2019int\u00e9rieur!<\/p>\n                <span class=\"more\">\n                <span class=\"learn_more\">Savoir plus<\/span>    \n                <\/span>\n            <\/a>\n    <\/span>\n        <\/div>\n\n<\/div>\n        <\/div>\n        <\/div>\n\n\n\n<div class=\"wp-block-group alignfull has-accent-3-background-color has-background has-global-padding is-layout-constrained wp-block-group-is-layout-constrained\" style=\"padding-top:var(--wp--preset--spacing--70);padding-bottom:var(--wp--preset--spacing--70)\">\n<h3 class=\"wp-block-heading has-text-align-center\">Explorer d\u2019autres segments<\/h3>\n\n\n\n<div class=\"wp-block-group divided is-nowrap is-layout-flex wp-container-core-group-is-layout-d6d7b567 wp-block-group-is-layout-flex\" style=\"border-style:none;border-width:0px;margin-top:var(--wp--preset--spacing--60);margin-bottom:0;padding-top:0;padding-bottom:0\">\n<div class=\"wp-block-group is-vertical is-content-justification-center is-layout-flex wp-container-core-group-is-layout-ce155fab wp-block-group-is-layout-flex\">\n<figure class=\"wp-block-image size-full is-resized\"><img loading=\"lazy\" decoding=\"async\" width=\"200\" height=\"190\" src=\"https:\/\/stage.campbellsfoodservice.ca\/wp-content\/uploads\/2026\/03\/icon-Business.png\" alt=\"icon Briefcase\" class=\"wp-image-13743\" style=\"width:auto;height:60px\"\/><\/figure>\n\n\n\n<h4 class=\"wp-block-heading has-text-align-center\">Secteur commercial et industriel<\/h4>\n\n\n\n<p class=\"has-text-align-center\">Des soupes et des sauces aux desserts en passant par les collations, Campbell\u2019s propose une gamme de produits \u00e0 multiples usages, parfaits pour la restauration commerciale et industrielle.<\/p>\n\n\n\n<p class=\"more\"><a href=\"https:\/\/stage.campbellsfoodservice.ca\/fr\/segments\/secteur-commercial-et-industriel\/\" data-type=\"page\" data-id=\"12876\">En savoir plus<\/a><\/p>\n<\/div>\n\n\n\n<div class=\"wp-block-group is-vertical is-content-justification-center is-layout-flex wp-container-core-group-is-layout-ce155fab wp-block-group-is-layout-flex\">\n<figure class=\"wp-block-image size-full is-resized\"><img loading=\"lazy\" decoding=\"async\" width=\"190\" height=\"190\" src=\"https:\/\/stage.campbellsfoodservice.ca\/wp-content\/uploads\/2026\/03\/icon-Restaurants.png\" alt=\"icon Chef Hat\" class=\"wp-image-13744\" style=\"width:auto;height:60px\"\/><\/figure>\n\n\n\n<h4 class=\"wp-block-heading has-text-align-center\">Restaurants<\/h4>\n\n\n\n<p class=\"has-text-align-center\">Les go\u00fbts \u00e9voluent constamment. Campbell\u2019s Foodservice est l\u00e0 pour \u00eatre votre partenaire expert afin d\u2019accro\u00eetre la satisfaction de vos clients \u2014 et votre rentabilit\u00e9 \u2014 gr\u00e2ce \u00e0 des produits pratiques qui r\u00e9duisent la main\u2011d\u2019\u0153uvre et \u00e0 des marques phares que vos clients adorent.<\/p>\n\n\n\n<p class=\"more\"><a href=\"https:\/\/stage.campbellsfoodservice.ca\/fr\/segments\/restaurants\/\" data-type=\"page\" data-id=\"12883\">En savoir plus<\/a><\/p>\n<\/div>\n\n\n\n<div class=\"wp-block-group is-vertical is-content-justification-center is-layout-flex wp-container-core-group-is-layout-ce155fab wp-block-group-is-layout-flex\">\n<figure class=\"wp-block-image size-full is-resized\"><img loading=\"lazy\" decoding=\"async\" width=\"230\" height=\"190\" src=\"https:\/\/stage.campbellsfoodservice.ca\/wp-content\/uploads\/2026\/03\/icon-University.png\" alt=\"icon Open Book\" class=\"wp-image-13742\" style=\"width:auto;height:60px\"\/><\/figure>\n\n\n\n<h4 class=\"wp-block-heading has-text-align-center\">\u00c9tablissement d\u2019enseignement postsecondaire<\/h4>\n\n\n\n<p class=\"has-text-align-center\">Que vous recherchiez les meilleurs ingr\u00e9dients de base de chaque cat\u00e9gorie pour des plats de r\u00e9fectoire ou des collations \u00e0 emporter destin\u00e9es aux d\u00e9panneurs et distributeurs du campus, Campbell\u2019s a exactement ce qu\u2019il vous faut.<\/p>\n\n\n\n<p class=\"more\"><a href=\"https:\/\/stage.campbellsfoodservice.ca\/fr\/segments\/etablissement-denseignement-postsecondaire\/\" data-type=\"page\" data-id=\"12879\">En savoir plus<\/a><\/p>\n<\/div>\n<\/div>\n<\/div>\n\n\n\n<section class=\"wp-block-group alignfull documents has-global-padding is-layout-constrained wp-block-group-is-layout-constrained\" id=\"documents\">\n<div class=\"wp-block-group is-nowrap is-layout-flex wp-container-core-group-is-layout-6c531013 wp-block-group-is-layout-flex\"><div class=\"post-list document_list  \">\n        <div class=\"posts\">\n\n<div class=\"wp-block-group is-nowrap is-layout-flex wp-container-core-group-is-layout-6c531013 wp-block-group-is-layout-flex\"><span class=\"documents-link document\">\n        <div class=\"post_link document_link\">\n            <img decoding=\"async\" src=\"https:\/\/stage.campbellsfoodservice.ca\/wp-content\/uploads\/2026\/01\/Campbells-service-alimentaire-Collection-soins-de-sante-automne-2025.jpg\" alt=\"Campbell\u2018s Service Alimentaire Collection soins de sant\u00e9\" \/>\n                            <div class=\"info\">\n                    <img decoding=\"async\" class=\"icon\" src=\"https:\/\/stage.campbellsfoodservice.ca\/wp-content\/uploads\/2026\/01\/icon-Full-Line-Brochure.png\" alt=\"icon Menu\" \/>\n                                        <h2>Collection soins de sant\u00e9<\/h2>\n                    <div class=\"description\">D\u00e9couvrez l&rsquo;ensemble de notre gamme de produits dans notre brochure Sant\u00e9.\n<\/div>\n                    <a target=\"_blank\" class=\"button\" >T\u00e9l\u00e9charger le PDF<\/a>\n                <\/div> \n            <\/div>\n    <\/span>\n        <\/div>\n\n<\/div>\n        <\/div>\n        \n\n\n<div class=\"wp-block-group is-vertical is-layout-flex wp-container-core-group-is-layout-d6b9ab57 wp-block-group-is-layout-flex\">\n<figure class=\"wp-block-image size-full is-resized\"><img loading=\"lazy\" decoding=\"async\" width=\"192\" height=\"190\" src=\"https:\/\/stage.campbellsfoodservice.ca\/wp-content\/uploads\/2026\/03\/icon-Chef-Hat-white.png\" alt=\"icon Chef Hat - White\" class=\"wp-image-13753\" style=\"width:auto;height:60px\"\/><\/figure>\n\n\n\n<h4 class=\"wp-block-heading\">Parlez \u00e0 un expert<\/h4>\n\n\n\n<p>Vous avez des questions sur nos nombreux produits ou nos recettes ? \u00c9crivez-nous et nous vous r\u00e9pondrons dans les plus brefs d\u00e9lais.<\/p>\n\n\n\n<div class=\"wp-block-buttons is-layout-flex wp-block-buttons-is-layout-flex\">\n<div class=\"wp-block-button is-style-fill\"><a class=\"wp-block-button__link wp-element-button\" href=\"https:\/\/stage.campbellsfoodservice.ca\/fr\/contactez-nous\/\">Contactez-nous<\/a><\/div>\n<\/div>\n<\/div>\n<\/div>\n<\/section>\n","protected":false},"excerpt":{"rendered":"<p>Des solutions de sant\u00e9 Pour des plats simples \u00e0 pr\u00e9parer et \u00e0 forte marge, qui allient saveur et nutrition, vous pouvez compter sur nos produits pour s&rsquo;int\u00e9grer parfaitement \u00e0 votre activit\u00e9 dans le secteur de la sant\u00e9. Soins de longue dur\u00e9e Mealtime is an important highlight in long-term care. We\u2019re committed to helping you balance [&hellip;]<\/p>\n","protected":false},"author":14,"featured_media":0,"parent":15713,"menu_order":0,"comment_status":"closed","ping_status":"closed","template":"","meta":{"featured_image_url":"","thumbnail_anchor_left":0,"thumbnail_anchor_top":0,"thumbnail_zoom":0,"footnotes":""},"class_list":["post-15768","page","type-page","status-publish","hentry"],"acf":[],"_links":{"self":[{"href":"https:\/\/stage.campbellsfoodservice.ca\/fr\/wp-json\/wp\/v2\/pages\/15768","targetHints":{"allow":["GET"]}}],"collection":[{"href":"https:\/\/stage.campbellsfoodservice.ca\/fr\/wp-json\/wp\/v2\/pages"}],"about":[{"href":"https:\/\/stage.campbellsfoodservice.ca\/fr\/wp-json\/wp\/v2\/types\/page"}],"author":[{"embeddable":true,"href":"https:\/\/stage.campbellsfoodservice.ca\/fr\/wp-json\/wp\/v2\/users\/14"}],"replies":[{"embeddable":true,"href":"https:\/\/stage.campbellsfoodservice.ca\/fr\/wp-json\/wp\/v2\/comments?post=15768"}],"version-history":[{"count":0,"href":"https:\/\/stage.campbellsfoodservice.ca\/fr\/wp-json\/wp\/v2\/pages\/15768\/revisions"}],"up":[{"embeddable":true,"href":"https:\/\/stage.campbellsfoodservice.ca\/fr\/wp-json\/wp\/v2\/pages\/15713"}],"wp:attachment":[{"href":"https:\/\/stage.campbellsfoodservice.ca\/fr\/wp-json\/wp\/v2\/media?parent=15768"}],"curies":[{"name":"wp","href":"https:\/\/api.w.org\/{rel}","templated":true}]}}