

{"id":16238,"date":"2026-04-21T16:13:51","date_gmt":"2026-04-21T20:13:51","guid":{"rendered":"https:\/\/stage.campbellsfoodservice.ca\/?page_id=16238"},"modified":"2026-04-21T16:49:09","modified_gmt":"2026-04-21T20:49:09","slug":"declaration-relative-aux-allergenes","status":"publish","type":"page","link":"https:\/\/stage.campbellsfoodservice.ca\/fr\/declaration-relative-aux-allergenes\/","title":{"rendered":"D\u00e9claration relative aux allerg\u00e8nes"},"content":{"rendered":"\n<div class=\"wp-block-group alignfull has-accent-3-background-color has-background has-global-padding is-layout-constrained wp-block-group-is-layout-constrained\" style=\"padding-top:var(--wp--preset--spacing--70);padding-bottom:var(--wp--preset--spacing--70)\">\n<div class=\"wp-block-group title is-vertical is-content-justification-center is-layout-flex wp-container-core-group-is-layout-ce155fab wp-block-group-is-layout-flex\">\n<h2 class=\"wp-block-heading has-text-align-center\">D\u00e9claration relative aux allerg\u00e8nes<\/h2>\n<\/div>\n<\/div>\n\n\n\n<section class=\"wp-block-group alignfull info has-base-background-color has-background has-global-padding is-layout-constrained wp-block-group-is-layout-constrained\" style=\"padding-top:var(--wp--preset--spacing--70);padding-bottom:var(--wp--preset--spacing--70)\">\n<p>Campbell veille \u00e0 ce que les principaux allerg\u00e8nes alimentaires, le gluten et les sulfites ajout\u00e9s soient signal\u00e9s dans la liste d\u2019ingr\u00e9dients, conform\u00e9ment aux exigences d\u2019\u00e9tiquetage des allerg\u00e8nes du R\u00e8glement sur les aliments et drogues du Canada. Puisque les ingr\u00e9dients de nos produits peuvent changer, nous vous recommandons d\u2019en v\u00e9rifier les \u00e9tiquettes pour conna\u00eetre les informations relatives \u00e0 la nutrition et aux ingr\u00e9dients les plus r\u00e9centes et exactes.<\/p>\n\n\n\n<p><strong>Allerg\u00e8nes prioritaires<\/strong><\/p>\n\n\n\n<ul class=\"wp-block-list\">\n<li>Noix, comme les amandes, les noix du Br\u00e9sil, les noix de cajou, les noisettes, les noix macadamia, les pacanes, les pignes, les pistaches et les noix de Grenoble.<\/li>\n\n\n\n<li>Arachides<\/li>\n\n\n\n<li>Graines de s\u00e9same<\/li>\n\n\n\n<li>Bl\u00e9 ou autres sources de gluten, comme l\u2019orge, l\u2019avoine, le seigle et triticale (m\u00e9teil).<\/li>\n\n\n\n<li>\u0152ufs<\/li>\n\n\n\n<li>Lait<\/li>\n\n\n\n<li>Soya<\/li>\n\n\n\n<li>Moutarde<\/li>\n\n\n\n<li>Poisson, crustac\u00e9s, fruits de mer (par le nom commun du poisson, du crustac\u00e9 ou du fruit de mer)<\/li>\n\n\n\n<li>Sulfites<\/li>\n<\/ul>\n<\/section>\n","protected":false},"excerpt":{"rendered":"<p>D\u00e9claration relative aux allerg\u00e8nes Campbell veille \u00e0 ce que les principaux allerg\u00e8nes alimentaires, le gluten et les sulfites ajout\u00e9s soient signal\u00e9s dans la liste d\u2019ingr\u00e9dients, conform\u00e9ment aux exigences d\u2019\u00e9tiquetage des allerg\u00e8nes du R\u00e8glement sur les aliments et drogues du Canada. Puisque les ingr\u00e9dients de nos produits peuvent changer, nous vous recommandons d\u2019en v\u00e9rifier les \u00e9tiquettes [&hellip;]<\/p>\n","protected":false},"author":14,"featured_media":0,"parent":0,"menu_order":0,"comment_status":"closed","ping_status":"closed","template":"","meta":{"featured_image_url":"","thumbnail_anchor_left":0,"thumbnail_anchor_top":0,"thumbnail_zoom":0,"footnotes":""},"class_list":["post-16238","page","type-page","status-publish","hentry"],"acf":[],"_links":{"self":[{"href":"https:\/\/stage.campbellsfoodservice.ca\/fr\/wp-json\/wp\/v2\/pages\/16238","targetHints":{"allow":["GET"]}}],"collection":[{"href":"https:\/\/stage.campbellsfoodservice.ca\/fr\/wp-json\/wp\/v2\/pages"}],"about":[{"href":"https:\/\/stage.campbellsfoodservice.ca\/fr\/wp-json\/wp\/v2\/types\/page"}],"author":[{"embeddable":true,"href":"https:\/\/stage.campbellsfoodservice.ca\/fr\/wp-json\/wp\/v2\/users\/14"}],"replies":[{"embeddable":true,"href":"https:\/\/stage.campbellsfoodservice.ca\/fr\/wp-json\/wp\/v2\/comments?post=16238"}],"version-history":[{"count":0,"href":"https:\/\/stage.campbellsfoodservice.ca\/fr\/wp-json\/wp\/v2\/pages\/16238\/revisions"}],"wp:attachment":[{"href":"https:\/\/stage.campbellsfoodservice.ca\/fr\/wp-json\/wp\/v2\/media?parent=16238"}],"curies":[{"name":"wp","href":"https:\/\/api.w.org\/{rel}","templated":true}]}}